{"id":145,"date":"2025-11-13T02:31:20","date_gmt":"2025-11-13T02:31:20","guid":{"rendered":"https:\/\/pto-rock-crusher.com\/?page_id=145"},"modified":"2025-11-13T03:26:35","modified_gmt":"2025-11-13T03:26:35","slug":"contact-us","status":"publish","type":"page","link":"https:\/\/pto-rock-crusher.com\/fr\/contactez-nous\/","title":{"rendered":"Contactez-nous"},"content":{"rendered":"<p>[et_pb_section fb_built=&#8221;1&#8243; admin_label=&#8221;section&#8221; _builder_version=&#8221;4.16&#8243; global_colors_info=&#8221;{}&#8221;][et_pb_row admin_label=&#8221;row&#8221; _builder_version=&#8221;4.20.4&#8243; background_size=&#8221;initial&#8221; background_position=&#8221;top_left&#8221; background_repeat=&#8221;repeat&#8221; global_colors_info=&#8221;{}&#8221;][et_pb_column type=&#8221;4_4&#8243; _builder_version=&#8221;4.16&#8243; custom_padding=&#8221;|||&#8221; global_colors_info=&#8221;{}&#8221; custom_padding__hover=&#8221;|||&#8221;][et_pb_text _builder_version=&#8221;4.20.4&#8243; _module_preset=&#8221;default&#8221; text_font=&#8221;Lato||||||||&#8221; text_font_size=&#8221;20px&#8221; text_line_height=&#8221;1.8em&#8221; header_font=&#8221;Teko|300||on|||||&#8221; header_text_color=&#8221;#6B6B6B&#8221; header_font_size=&#8221;3vw&#8221; header_letter_spacing=&#8221;0.05em&#8221; header_line_height=&#8221;0.9em&#8221; background_layout=&#8221;dark&#8221; custom_margin=&#8221;|-10vw|0px|&#8221; custom_margin_tablet=&#8221;|0vw||&#8221; custom_margin_phone=&#8221;|-5vw||&#8221; custom_margin_last_edited=&#8221;on|tablet&#8221; animation_style=&#8221;zoom&#8221; animation_delay=&#8221;100ms&#8221; animation_intensity_zoom=&#8221;10%&#8221; header_font_size_tablet=&#8221;3vw&#8221; header_font_size_phone=&#8221;5vw&#8221; header_font_size_last_edited=&#8221;on|phone&#8221; header_line_height_tablet=&#8221;0.9em&#8221; header_line_height_phone=&#8221;1.2em&#8221; header_line_height_last_edited=&#8221;on|phone&#8221; header_text_shadow_style=&#8221;preset1&#8243; header_text_shadow_vertical_length=&#8221;0.18em&#8221; header_text_shadow_blur_strength=&#8221;0.27em&#8221; header_text_shadow_color=&#8221;rgba(0,0,0,0.38)&#8221; global_colors_info=&#8221;{}&#8221;]<\/p>\n<h1 data-spm-anchor-id=\"5176.28103460.0.i91.bc984fa5rlZb1k\"><strong data-spm-anchor-id=\"5176.28103460.0.i96.bc984fa5rlZb1k\">Shandong Watanabe PTO Rock Crusher Co., Ltd.<\/strong><\/h1>\n<p>[\/et_pb_text][et_pb_text _builder_version=&#8221;4.20.4&#8243; _module_preset=&#8221;default&#8221; header_2_font=&#8221;ABeeZee||||||||&#8221; header_2_font_size=&#8221;23px&#8221; global_colors_info=&#8221;{}&#8221;]<\/p>\n<p><span><\/span><\/p>\n<h2><span>Fabricant professionnel de concasseurs de roches agricoles et de stabilisateurs de sol pour la construction de routes<\/span><\/h2>\n<p><span><\/span><\/p>\n<p><span>\u00c0 <strong>Shandong Watanabe PTO Rock Crusher Co., Ltd.<\/strong>Nous sommes sp\u00e9cialis\u00e9s dans la fabrication de produits haute performance. <strong>Concasseurs de roches<\/strong> pour la remise en \u00e9tat des terres agricoles et <strong>Stabilisateurs de sol<\/strong> Pour la construction d'infrastructures. Que vous recherchiez des informations sur nos produits, une assistance technique ou des opportunit\u00e9s de partenariat, notre \u00e9quipe est l\u00e0 pour vous aider.<\/span><\/p>\n<p>[\/et_pb_text][\/et_pb_column][\/et_pb_row][et_pb_row column_structure=&#8221;1_2,1_2&#8243; _builder_version=&#8221;4.20.4&#8243; _module_preset=&#8221;default&#8221; global_colors_info=&#8221;{}&#8221;][et_pb_column type=&#8221;1_2&#8243; _builder_version=&#8221;4.20.4&#8243; _module_preset=&#8221;default&#8221; global_colors_info=&#8221;{}&#8221;][et_pb_code _builder_version=&#8221;4.20.4&#8243; _module_preset=&#8221;default&#8221; global_colors_info=&#8221;{}&#8221;]<iframe src=\"https:\/\/www.google.com\/maps\/embed?pb=!1m18!1m12!1m3!1d3236.6281333949187!2d118.63673971264423!3d35.784509972439345!2m3!1f0!2f0!3f0!3m2!1i1024!2i768!4f13.1!3m3!1m2!1s0x35c07f31cc5cbb4f%3A0xf05ff1b8b1cc5224!2s66%20Chang&#39;an%20Middle%20Rd%2C%20Yi%20Shui%20Xian%2C%20Lin%20Yi%20Shi%2C%20Shan%20Dong%20Sheng%2C%20China%2C%20276400!5e0!3m2!1sen!2sjp!4v1763002399191!5m2!1sen!2sjp\" width=\"600\" height=\"450\" style=\"border:0;\" allowfullscreen=\"\" loading=\"lazy\" referrerpolicy=\"no-referrer-when-downgrade\"><\/iframe>[\/et_pb_code][\/et_pb_column][et_pb_column type=&#8221;1_2&#8243; _builder_version=&#8221;4.20.4&#8243; _module_preset=&#8221;default&#8221; global_colors_info=&#8221;{}&#8221;][et_pb_blurb use_icon=&#8221;on&#8221; font_icon=&#8221;&#xf0e0;||fa||900&#8243; icon_color=&#8221;#000000&#8243; icon_placement=&#8221;left&#8221; image_icon_width=&#8221;25px&#8221; _builder_version=&#8221;4.20.4&#8243; _module_preset=&#8221;default&#8221; header_text_color=&#8221;#000000&#8243; body_text_color=&#8221;#FFFFFF&#8221; body_font_size=&#8221;22px&#8221; locked=&#8221;off&#8221; global_colors_info=&#8221;{}&#8221;]<\/p>\n<h4 class=\"et_pb_module_header\"><span>ventes@<\/span>pto-rock-crusher.com<\/h4>\n<p>[\/et_pb_blurb][et_pb_blurb use_icon=&#8221;on&#8221; font_icon=&#8221;&#xe081;||divi||400&#8243; icon_color=&#8221;#000000&#8243; icon_placement=&#8221;left&#8221; image_icon_width=&#8221;25px&#8221; _builder_version=&#8221;4.20.4&#8243; _module_preset=&#8221;default&#8221; header_text_color=&#8221;#000000&#8243; body_text_color=&#8221;#FFFFFF&#8221; body_font_size=&#8221;22px&#8221; locked=&#8221;off&#8221; global_colors_info=&#8221;{}&#8221;]<\/p>\n<h4 class=\"et_pb_module_header\"><span>No.66 Changan Middle Road, Yishui, Shandong, Chine<\/span><\/h4>\n<p>[\/et_pb_blurb][et_pb_blurb use_icon=&#8221;on&#8221; font_icon=&#8221;&#xe090;||divi||400&#8243; icon_color=&#8221;#000000&#8243; icon_placement=&#8221;left&#8221; image_icon_width=&#8221;25px&#8221; _builder_version=&#8221;4.20.4&#8243; _module_preset=&#8221;default&#8221; header_text_color=&#8221;#000000&#8243; body_text_color=&#8221;#FFFFFF&#8221; body_font_size=&#8221;22px&#8221; locked=&#8221;off&#8221; global_colors_info=&#8221;{}&#8221;]<\/p>\n<h4 class=\"et_pb_module_header\"><span>\u00a00086-571-88220973 \/ 8822097<\/span><\/h4>\n<p>[\/et_pb_blurb][et_pb_blurb title=&#8221;Privacy Notice&#8221; use_icon=&#8221;on&#8221; font_icon=&#8221;&#xf071;||fa||900&#8243; icon_color=&#8221;#000000&#8243; icon_placement=&#8221;left&#8221; image_icon_width=&#8221;25px&#8221; _builder_version=&#8221;4.20.4&#8243; _module_preset=&#8221;default&#8221; header_text_color=&#8221;#000000&#8243; body_text_color=&#8221;#FFFFFF&#8221; body_font_size=&#8221;22px&#8221; locked=&#8221;off&#8221; global_colors_info=&#8221;{}&#8221;]<\/p>\n<h4 class=\"et_pb_module_header\"><\/h4>\n<h4 class=\"et_pb_module_header\">Nous respectons votre vie priv\u00e9e. Les informations que vous fournissez serviront uniquement \u00e0 r\u00e9pondre \u00e0 votre demande et ne seront pas communiqu\u00e9es \u00e0 des tiers.<\/h4>\n<p>[\/et_pb_blurb][et_pb_blurb title=&#8221;Have Project in Mind?&#8221; use_icon=&#8221;on&#8221; font_icon=&#8221;&#xf2b5;||fa||900&#8243; icon_color=&#8221;#000000&#8243; icon_placement=&#8221;left&#8221; image_icon_width=&#8221;25px&#8221; _builder_version=&#8221;4.20.4&#8243; _module_preset=&#8221;default&#8221; header_text_color=&#8221;#000000&#8243; body_text_color=&#8221;#FFFFFF&#8221; body_font_size=&#8221;22px&#8221; hover_enabled=&#8221;0&#8243; locked=&#8221;off&#8221; global_colors_info=&#8221;{}&#8221; sticky_enabled=&#8221;0&#8243;]<\/p>\n<h4 class=\"et_pb_module_header\"><span><\/span><\/h4>\n<h4 class=\"et_pb_module_header\"><span>Obtenez une solution personnalis\u00e9e pour vos besoins en mati\u00e8re de construction agricole ou routi\u00e8re.<\/span><\/h4>\n<p>[\/et_pb_blurb][et_pb_button button_text=&#8221;Contact Us Now&#8221; _builder_version=&#8221;4.20.4&#8243; _module_preset=&#8221;default&#8221; custom_button=&#8221;on&#8221; button_text_color=&#8221;#000000&#8243; button_icon=&#8221;&#xf0a5;||fa||400&#8243; button_url=&#8221;#contact&#8221; hover_enabled=&#8221;0&#8243; sticky_enabled=&#8221;0&#8243; button_alignment=&#8221;center&#8221;][\/et_pb_button][\/et_pb_column][\/et_pb_row][\/et_pb_section]<\/p>","protected":false},"excerpt":{"rendered":"<p>Shandong Watanabe PTO Rock Crusher Co., Ltd. Professional Manufacturer of Agricultural Rock Crushers &amp; Road Construction Soil Stabilizers At Shandong Watanabe PTO Rock Crusher Co., Ltd., we specialize in manufacturing high-performance Rock Crushers for agricultural land reclamation and Soil Stabilizers for infrastructure construction. Whether you\u2019re looking for product information, technical support, or partnership opportunities, our [&hellip;]<\/p>","protected":false},"author":1,"featured_media":0,"parent":0,"menu_order":0,"comment_status":"closed","ping_status":"closed","template":"","meta":{"_et_pb_use_builder":"on","_et_pb_old_content":"","_et_gb_content_width":"","footnotes":""},"class_list":["post-145","page","type-page","status-publish","hentry"],"_links":{"self":[{"href":"https:\/\/pto-rock-crusher.com\/fr\/wp-json\/wp\/v2\/pages\/145","targetHints":{"allow":["GET"]}}],"collection":[{"href":"https:\/\/pto-rock-crusher.com\/fr\/wp-json\/wp\/v2\/pages"}],"about":[{"href":"https:\/\/pto-rock-crusher.com\/fr\/wp-json\/wp\/v2\/types\/page"}],"author":[{"embeddable":true,"href":"https:\/\/pto-rock-crusher.com\/fr\/wp-json\/wp\/v2\/users\/1"}],"replies":[{"embeddable":true,"href":"https:\/\/pto-rock-crusher.com\/fr\/wp-json\/wp\/v2\/comments?post=145"}],"version-history":[{"count":6,"href":"https:\/\/pto-rock-crusher.com\/fr\/wp-json\/wp\/v2\/pages\/145\/revisions"}],"predecessor-version":[{"id":163,"href":"https:\/\/pto-rock-crusher.com\/fr\/wp-json\/wp\/v2\/pages\/145\/revisions\/163"}],"wp:attachment":[{"href":"https:\/\/pto-rock-crusher.com\/fr\/wp-json\/wp\/v2\/media?parent=145"}],"curies":[{"name":"wp","href":"https:\/\/api.w.org\/{rel}","templated":true}]}}