{"id":219,"date":"2025-11-14T05:18:33","date_gmt":"2025-11-14T05:18:33","guid":{"rendered":"https:\/\/pto-rock-crusher.com\/?post_type=product&#038;p=219"},"modified":"2025-11-14T07:52:18","modified_gmt":"2025-11-14T07:52:18","slug":"tractor-soil-stabilizer-for-improving-roads","status":"publish","type":"product","link":"https:\/\/pto-rock-crusher.com\/pl\/produkt\/stabilizator-gleby-ciagnika-do-ulepszania-drog\/","title":{"rendered":"Stabilizator gleby ci\u0105gnikowej do ulepszania dr\u00f3g"},"content":{"rendered":"<h2 data-spm-anchor-id=\"5176.28103460.0.i229.bc984fa5rlZb1k\"><strong>Przegl\u0105d produktu<\/strong><\/h2>\n<p data-spm-anchor-id=\"5176.28103460.0.i229.bc984fa5rlZb1k\">Ten <strong>Stabilizator gleby<\/strong> to najlepsze rozwi\u0105zanie do wysokowydajnej stabilizacji dr\u00f3g i gruntu, zaprojektowane dla ci\u0105gnik\u00f3w o mocy 300\u2013500 KM. \u0141\u0105cz\u0105c solidny system sta\u0142ych wirnik\u00f3w z g\u0142\u0119bok\u0105 komor\u0105 krusz\u0105c\u0105, zapewnia wyj\u0105tkow\u0105 jako\u015b\u0107 mieszania na g\u0142\u0119boko\u015bci do 50 cm \u2013 nawet w najtrudniejszych warunkach, takich jak twardy, kamienisty teren. Wystaj\u0105ca konstrukcja wirnika zapewnia skuteczn\u0105 stabilizacj\u0119 przy minimalnym zu\u017cyciu energii, a wytrzyma\u0142a rama i odporne na zu\u017cycie materia\u0142y gwarantuj\u0105 d\u0142ugotrwa\u0142\u0105 niezawodno\u015b\u0107.<\/p>\n<p>Wszechstronny i wydajny, sprawdza si\u0119 zar\u00f3wno w projektach na ma\u0142\u0105 skal\u0119, jak i w zastosowaniach infrastrukturalnych na du\u017c\u0105 skal\u0119, takich jak autostrady, pasy startowe i parkingi, co czyni go doskona\u0142ym wyborem dla profesjonalist\u00f3w wymagaj\u0105cych precyzji, trwa\u0142o\u015bci i wydajno\u015bci.<\/p>\n<p>&nbsp;<\/p>\n<hr \/>\n<h2><strong data-spm-anchor-id=\"5176.28103460.0.i232.bc984fa5rlZb1k\">Wyposa\u017cenie standardowe<\/strong><\/h2>\n<ul>\n<li>Hydrauliczna tylna maska \u200b\u200bz systemem zapobiegaj\u0105cym zatykaniu<\/li>\n<li>Wymienne wewn\u0119trzne p\u0142yty przeciwzu\u017cyciowe ze stali Hardox*<\/li>\n<li>Zamkni\u0119ty korpus maszyny<\/li>\n<li>Wewn\u0119trzna ochrona boczna<\/li>\n<li>\u0141a\u0144cuchy ochronne<\/li>\n<li>Skrzynia bieg\u00f3w z boczn\u0105 skrzyni\u0105 bieg\u00f3w<\/li>\n<li>Przek\u0142adnia boczna z uk\u0142adem ch\u0142odzenia olejem<\/li>\n<li>Skrzynia bieg\u00f3w z wolnym ko\u0142emSkrzynia bieg\u00f3w z uk\u0142adem ch\u0142odzenia olejem<\/li>\n<li>Wa\u0142 odbioru mocy<\/li>\n<li>Sprz\u0119g\u0142a cierne<\/li>\n<li>Przykr\u0119cane wa\u0142y wirnika (ze stali kutej)<\/li>\n<li>Ostrze drzemkowe<\/li>\n<\/ul>\n<table style=\"width: 473px; height: 830px;\">\n<thead>\n<tr>\n<th style=\"width: 464.34px; text-align: left;\"><strong data-spm-anchor-id=\"5176.28103460.0.i253.bc984fa5rlZb1k\"><img loading=\"lazy\" decoding=\"async\" class=\"size-medium wp-image-223 aligncenter\" style=\"text-align: center;\" src=\"https:\/\/pto-rock-crusher.com\/wp-content\/uploads\/2025\/11\/0-Standard-Equipment-for-soil-stabilizer-300x200.webp\" alt=\"Wyposa\u017cenie standardowe stabilizatora gruntu\" width=\"300\" height=\"200\" \/><\/strong><\/th>\n<\/tr>\n<tr>\n<th style=\"width: 464.34px; text-align: left;\"><strong data-spm-anchor-id=\"5176.28103460.0.i253.bc984fa5rlZb1k\">Urz\u0105dzenie samonastawne typu W pomi\u0119dzy wa\u0142em nap\u0119dowym WOM\/skrzyni\u0105 bieg\u00f3w<\/strong><\/th>\n<\/tr>\n<tr>\n<th style=\"width: 464.34px; text-align: left;\"><strong data-spm-anchor-id=\"5176.28103460.0.i253.bc984fa5rlZb1k\"><img loading=\"lazy\" decoding=\"async\" class=\"size-medium wp-image-224 aligncenter\" src=\"https:\/\/pto-rock-crusher.com\/wp-content\/uploads\/2025\/11\/0-Standard-Equipment-for-soil-stabilizer2-300x200.webp\" alt=\"Wyposa\u017cenie standardowe stabilizatora gruntu\" width=\"300\" height=\"200\" \/><\/strong><\/th>\n<\/tr>\n<tr>\n<th style=\"width: 464.34px; text-align: left;\"><strong data-spm-anchor-id=\"5176.28103460.0.i253.bc984fa5rlZb1k\">Automatyczny system FCS zapewniaj\u0105cy optymalne mieszanie gleby i zarz\u0105dzanie wilgoci\u0105<\/strong><\/th>\n<\/tr>\n<tr>\n<th style=\"width: 464.34px; text-align: left;\"><strong data-spm-anchor-id=\"5176.28103460.0.i253.bc984fa5rlZb1k\"><img loading=\"lazy\" decoding=\"async\" class=\"size-medium wp-image-222 aligncenter\" src=\"https:\/\/pto-rock-crusher.com\/wp-content\/uploads\/2025\/11\/0-Standard-Equipment-for-soil-stabilizer3-300x200.webp\" alt=\"Wyposa\u017cenie standardowe stabilizatora gruntu\" width=\"300\" height=\"200\" \/><\/strong><\/th>\n<\/tr>\n<tr>\n<th style=\"width: 464.34px; text-align: left;\"><strong data-spm-anchor-id=\"5176.28103460.0.i253.bc984fa5rlZb1k\">Lemiesz spychaj\u0105cy z systemem spr\u0119\u017cynowym do wyr\u00f3wnywania i zag\u0119szczania rozdrobnionego materia\u0142u, tworz\u0105c jednolit\u0105 podstaw\u0119<\/strong><\/th>\n<\/tr>\n<\/thead>\n<\/table>\n<h2><\/h2>\n<hr \/>\n<h2><strong>Wyposa\u017cenie opcjonalne<\/strong><\/h2>\n<ul>\n<li>Wiele opcji z\u0119b\u00f3w<\/li>\n<li>Hydrauliczny \u0142\u0105cznik g\u00f3rny<\/li>\n<li>Urz\u0105dzenie samonastawne typu W pomi\u0119dzy wa\u0142em nap\u0119dowym WOM\/skrzyni\u0105 bieg\u00f3w<\/li>\n<li>Ostrza spychaj\u0105ce z systemem spr\u0119\u017cynowym<\/li>\n<li>System zraszania wod\u0105 WSS High Flow<\/li>\n<li>Pe\u0142ny system sterowania FCS<\/li>\n<\/ul>\n<h2><strong>Specyfikacje modelu<\/strong><\/h2>\n<table style=\"max-width: 100%; overflow-x: auto;\" border=\"1\">\n<thead>\n<tr>\n<th style=\"width: 216.997px;\"><\/th>\n<th style=\"width: 152.986px;\">Watanabe-SS225<\/th>\n<th style=\"width: 105px;\">Watanabe-SS250<\/th>\n<th style=\"width: 127.986px;\">Watanabe-HPSS225<\/th>\n<th style=\"width: 127.986px;\">Watanabe&#8211;HPSS250<\/th>\n<\/tr>\n<\/thead>\n<tbody>\n<tr>\n<td style=\"width: 216.997px;\"><strong>Ci\u0105gnik (KM)<\/strong><\/td>\n<td style=\"width: 152.986px;\">300\u2013400<\/td>\n<td style=\"width: 105px;\">300\u2013400<\/td>\n<td style=\"width: 127.986px;\">400\u2013500<\/td>\n<td style=\"width: 127.986px;\">400\u2013500<\/td>\n<\/tr>\n<tr>\n<td style=\"width: 216.997px;\"><strong>WOM (obr.\/min)<\/strong><\/td>\n<td style=\"width: 152.986px;\">1000<\/td>\n<td style=\"width: 105px;\">1000<\/td>\n<td style=\"width: 127.986px;\">1000<\/td>\n<td style=\"width: 127.986px;\">1000<\/td>\n<\/tr>\n<tr>\n<td style=\"width: 216.997px;\"><strong>Szeroko\u015b\u0107 robocza (mm)<\/strong><\/td>\n<td style=\"width: 152.986px;\">2320<\/td>\n<td style=\"width: 105px;\">2560<\/td>\n<td style=\"width: 127.986px;\">2320<\/td>\n<td style=\"width: 127.986px;\">2560<\/td>\n<\/tr>\n<tr>\n<td style=\"width: 216.997px;\"><strong data-spm-anchor-id=\"5176.28103460.0.i244.bc984fa5rlZb1k\">Szeroko\u015b\u0107 ca\u0142kowita (mm)<\/strong><\/td>\n<td style=\"width: 152.986px;\">2750<\/td>\n<td style=\"width: 105px;\">2990<\/td>\n<td style=\"width: 127.986px;\">2750<\/td>\n<td style=\"width: 127.986px;\">2990<\/td>\n<\/tr>\n<tr>\n<td style=\"width: 216.997px;\"><strong>Waga (kg)<\/strong><\/td>\n<td style=\"width: 152.986px;\">6300<\/td>\n<td style=\"width: 105px;\">6500<\/td>\n<td style=\"width: 127.986px;\">6550<\/td>\n<td style=\"width: 127.986px;\">6750<\/td>\n<\/tr>\n<tr>\n<td style=\"width: 216.997px;\"><strong>\u015arednica wirnika (mm)<\/strong><\/td>\n<td style=\"width: 152.986px;\">1085<\/td>\n<td style=\"width: 105px;\">1085<\/td>\n<td style=\"width: 127.986px;\">1085<\/td>\n<td style=\"width: 127.986px;\">1085<\/td>\n<\/tr>\n<tr>\n<td style=\"width: 216.997px;\"><strong>Maksymalna g\u0142\u0119boko\u015b\u0107 robocza (mm)<\/strong><\/td>\n<td style=\"width: 152.986px;\">500<\/td>\n<td style=\"width: 105px;\">500<\/td>\n<td style=\"width: 127.986px;\">500<\/td>\n<td style=\"width: 127.986px;\">500<\/td>\n<\/tr>\n<tr>\n<td style=\"width: 216.997px;\"><strong>Brak z\u0119b\u00f3w<\/strong><br \/>\n<em>(typ A\/3 + STC\/FP + STC\/3\/FP + F\/3\/SS)<\/em><\/td>\n<td style=\"width: 152.986px;\">6+4+4+4<\/td>\n<td style=\"width: 105px;\">68+4+4+4<\/td>\n<td style=\"width: 127.986px;\">6+4+4+4<\/td>\n<td style=\"width: 127.986px;\">68+4+4+4<\/td>\n<\/tr>\n<\/tbody>\n<\/table>\n<p><strong>Jak stabilizator gruntu zamontowany na ci\u0105gniku naprawia i modernizuje drogi<\/strong><img loading=\"lazy\" decoding=\"async\" class=\"wp-image-238 aligncenter\" src=\"https:\/\/pto-rock-crusher.com\/wp-content\/uploads\/2025\/11\/0-soil-stabilizer2-1024x654.webp\" alt=\" stabilizator gleby\" width=\"766\" height=\"490\" \/><\/p>\n<ul>\n<li>\n<p data-spm-anchor-id=\"5176.28103460.0.i285.bc984fa5rlZb1k\"><strong>Przymocowanie i przeniesienie mocy<\/strong><br \/>\nStabilizator gleby montowany jest bezpo\u015brednio do ci\u0105gnika rolniczego lub przemys\u0142owego o du\u017cej mocy (zwykle 300\u2013500 KM) za pomoc\u0105 standardowego trzypunktowego uk\u0142adu zawieszenia. Moc jest dostarczana poprzez <strong>wa\u0142 odbioru mocy (WOM) ci\u0105gnika<\/strong>, kt\u00f3ry nap\u0119dza wytrzyma\u0142y system wirnika maszyny. Wiele zaawansowanych modeli jest wyposa\u017conych w <strong>Wa\u0142 nap\u0119dowy WOM samonastawny w kszta\u0142cie litery W<\/strong> aby zapewni\u0107 p\u0142ynne przenoszenie mocy nawet na nier\u00f3wnym terenie, co ma kluczowe znaczenie dla zapobiegania uszkodzeniom uk\u0142adu nap\u0119dowego podczas agresywnej eksploatacji.<\/p>\n<\/li>\n<li><strong>G\u0142\u0119bokie rozdrabnianie gleby<\/strong><br \/>\nGdy ci\u0105gnik porusza si\u0119 do przodu, obracaj\u0105cy si\u0119 b\u0119ben wyposa\u017cony w wymienne z\u0119by z ko\u0144c\u00f3wkami z w\u0119glika spiekanego dzia\u0142a jak <strong>Kruszarka do ska\u0142 z WOM<\/strong>rozbijaj\u0105c zbit\u0105 gleb\u0119, star\u0105 nawierzchni\u0119, \u017cwir, a nawet ma\u0142e kamienie do g\u0142\u0119boko\u015bci <strong>do 50 cm (20 cali)<\/strong>. Ten proces, znany jako <em>proszkowanie<\/em>, tworzy jednolity, lu\u017any materia\u0142 bazowy gotowy do stabilizacji.<\/li>\n<li><strong>Precyzyjny wtrysk addytywny<\/strong><br \/>\nJednocze\u015bnie zintegrowane <strong>uk\u0142ad wtrysku cieczy<\/strong> (cz\u0119sto wzbogacone o <strong>System pe\u0142nej kontroli FCS<\/strong>) rozpyla wod\u0119, zaczyn cementowy, wapno lub ekologiczne spoiwa polimerowe do komory mieszania. System precyzyjnie dozuje dodatek w oparciu o pr\u0119dko\u015b\u0107 jazdy i stan gleby, zapewniaj\u0105c optymaln\u0105 wilgotno\u015b\u0107 i wi\u0105zanie chemiczne \u2013 klucz do uzyskania maksymalnej wytrzyma\u0142o\u015bci i redukcji zapylenia.<\/li>\n<li><strong>Mieszanie i homogenizacja w komorze<\/strong><br \/>\nWewn\u0105trz zamkni\u0119tego <strong>komora krusz\u0105co-mieszaj\u0105ca<\/strong>Sproszkowany materia\u0142 i \u015brodek stabilizuj\u0105cy s\u0105 dok\u0142adnie mieszane przez wirnik o wysokim momencie obrotowym. Sta\u0142a konstrukcja wirnika zapewnia sta\u0142\u0105 jako\u015b\u0107 mieszania, nawet w trudnych glebach, takich jak glina, lateryt czy kamieniste pod\u0142o\u017ce.<\/li>\n<li>\n<p data-spm-anchor-id=\"5176.28103460.0.i287.bc984fa5rlZb1k\"><strong>Niwelacja i wst\u0119pne zag\u0119szczanie<\/strong><br \/>\nZamontowany z ty\u0142u <strong>spr\u0119\u017cynowe ostrze spychaj\u0105ce<\/strong> Wyr\u00f3wnuje zag\u0119szczony materia\u0142, tworz\u0105c g\u0142adk\u0105, r\u00f3wnomiern\u0105 powierzchni\u0119 gotow\u0105 do zag\u0119szczania. Lemiesz automatycznie dopasowuje si\u0119 do kontur\u00f3w gruntu, eliminuj\u0105c nier\u00f3wno\u015bci i zapewniaj\u0105c odpowiedni\u0105 koron\u0119 lub pochylenie dla odwodnienia.<\/p>\n<\/li>\n<li><strong>Ostateczne utwardzanie i u\u017cytkowanie<\/strong><br \/>\nPo lekkim wa\u0142owaniu walcem oczkowym lub g\u0142adkim, ustabilizowane pod\u0142o\u017ce utwardza \u200b\u200bsi\u0119 w ci\u0105gu 3\u20137 dni. Efekt? <strong>bezpy\u0142owa, ca\u0142oroczna droga<\/strong> kt\u00f3ry jest odporny na koleinowanie, erozj\u0119 i sezonow\u0105 degradacj\u0119 \u2014 idealny na drogi polne, drogi g\u00f3rnicze, drogi wiejskie i drogi dojazdowe w sytuacjach awaryjnych.<\/li>\n<\/ul>\n<p><strong>Scenariusze zastosowa\u0144<\/strong><img loading=\"lazy\" decoding=\"async\" class=\"aligncenter wp-image-239 size-full\" src=\"https:\/\/pto-rock-crusher.com\/wp-content\/uploads\/2025\/11\/0-soil-stabilizer3.webp\" alt=\"stabilizator gleby\" width=\"900\" height=\"616\" srcset=\"https:\/\/pto-rock-crusher.com\/wp-content\/uploads\/2025\/11\/0-soil-stabilizer3.webp 900w, https:\/\/pto-rock-crusher.com\/wp-content\/uploads\/2025\/11\/0-soil-stabilizer3-480x329.webp 480w\" sizes=\"auto, (min-width: 0px) and (max-width: 480px) 480px, (min-width: 481px) 900px, 100vw\" \/>Obr\u00f3bka pod\u0142o\u017ca autostrad i dr\u00f3g krajowych<\/p>\n<ul>\n<li>Zastosowania: Stabilizacja pod\u0142o\u017ca i pe\u0142na regeneracja g\u0142\u0119boko\u015bciowa (FDR) starych warstw asfaltu\/\u017cwiru przed budow\u0105 nowych lub remontowaniem dr\u00f3g.<\/li>\n<li>Zalety: kruszenie na g\u0142\u0119boko\u015b\u0107 50 cm + r\u00f3wnomierne mieszanie spe\u0142nia wymagania wytrzyma\u0142o\u015bciowe wysokiej jako\u015bci podbud\u00f3w drogowych; system FCS precyzyjnie kontroluje zawarto\u015b\u0107 wilgoci i proporcje dodatk\u00f3w, aby zapewni\u0107 jako\u015b\u0107 mieszania; zamkni\u0119ta obudowa + odporne na zu\u017cycie p\u0142yty Hardox umo\u017cliwiaj\u0105 ci\u0105g\u0142\u0105 prac\u0119 o wysokiej intensywno\u015bci.<\/li>\n<\/ul>\n<p>Budowa\/konserwacja pas\u00f3w startowych i p\u0142yt postojowych na lotniskach<\/p>\n<ul>\n<li>Zastosowania: Stabilizacja pod\u0142o\u017ca przed zag\u0119szczaniem w celu zapobiegania osiadaniu i powstawaniu kolein.<\/li>\n<li>Zalety: Rama o wysokiej sztywno\u015bci i wytrzyma\u0142y wirnik umo\u017cliwiaj\u0105 prac\u0119 na twardym pod\u0142o\u017cu zawieraj\u0105cym \u017cwir; Bezpo\u015brednie zag\u0119szczanie po spychaniu poprawia wydajno\u015b\u0107 prac budowlanych; Nadaje si\u0119 do stosowania na du\u017cych obszarach z wysokimi standardami p\u0142asko\u015bci.<\/li>\n<\/ul>\n<p>Du\u017cy Park Logistyczny i Drogi Zak\u0142ad\u00f3w Przemys\u0142owych<\/p>\n<ul>\n<li>Zastosowania: Niedrogie rozwi\u0105zanie do utwardzania wewn\u0119trznych dr\u00f3g transportowych o du\u017cym obci\u0105\u017ceniu.<\/li>\n<li>Zalety: Redukcja koszt\u00f3w w por\u00f3wnaniu z betonem lub asfaltem w por\u00f3wnaniu z 60%; System natrysku wody (WSS High Flow) skutecznie ogranicza pylenie i poprawia warunki pracy; Spr\u0119\u017cynowe lemiesze spychacza automatycznie dostosowuj\u0105 si\u0119 do terenu, tworz\u0105c g\u0142adk\u0105 powierzchni\u0119 robocz\u0105.<\/li>\n<\/ul>\n<p>Drogi g\u00f3rnicze i le\u015bne<\/p>\n<ul>\n<li>Cel: Budowa tymczasowych lub p\u00f3\u0142sta\u0142ych dr\u00f3g dojazdowych o du\u017cym nat\u0119\u017ceniu ruchu.<\/li>\n<li>Zalety: Konstrukcja odporna na zu\u017cycie wytrzymuje warunki o du\u017cym nat\u0119\u017ceniu \u015bcierania (\u017cwir, \u017cu\u017cel, korzenie drzew itp.); Automatyczne urz\u0105dzenie centruj\u0105ce WOM typu W dostosowuje si\u0119 do pracy na pochy\u0142ym terenie; Mo\u017cliwo\u015b\u0107 stosowania r\u00f3\u017cnych stabilizator\u00f3w, takich jak wapno, cement lub przyjazne dla \u015brodowiska polimery, elastycznie dostosowuj\u0105c si\u0119 do r\u00f3\u017cnych rodzaj\u00f3w gleby.<\/li>\n<\/ul>\n<p>Drogi wiejskie i projekty rewitalizacji obszar\u00f3w wiejskich<\/p>\n<ul>\n<li>Cel: Zapewnienie p\u0142ynnego przejazdu przez wioski w porze deszczowej.<\/li>\n<li>Zalety: Wykorzystuje istniej\u0105ce ci\u0105gniki o du\u017cej mocy (300\u2013500 KM), eliminuj\u0105c potrzeb\u0119 dodatkowego specjalistycznego sprz\u0119tu; Wykonuje kruszenie, mieszanie i wst\u0119pne wyr\u00f3wnywanie w jednej operacji, co przek\u0142ada si\u0119 na du\u017c\u0105 szybko\u015b\u0107 budowy; Znacznie redukuje ilo\u015b\u0107 py\u0142u i b\u0142ota, poprawiaj\u0105c jako\u015b\u0107 \u017cycia mieszka\u0144c\u00f3w.<\/li>\n<\/ul>\n<p>Naprawa dr\u00f3g awaryjnych po katastrofie<\/p>\n<ul>\n<li>Cel: Szybkie przywr\u00f3cenie wa\u017cnych szlak\u00f3w transportowych po trz\u0119sieniach ziemi i powodziach.<\/li>\n<li>Zalety: Modu\u0142owa konstrukcja u\u0142atwia transport do obszar\u00f3w dotkni\u0119tych katastrof\u0105; Materia\u0142y pozyskiwane lokalnie (oryginalna gleba + niewielka ilo\u015b\u0107 stabilizatora) pozwalaj\u0105 na szybk\u0105 odbudow\u0119 przepustowo\u015bci; Wysoka niezawodno\u015b\u0107 gwarantuje ci\u0105g\u0142\u0105 prac\u0119 w trudnych warunkach.<\/li>\n<\/ul>\n<p><strong>Przypadki klient\u00f3w<\/strong><img loading=\"lazy\" decoding=\"async\" class=\"aligncenter wp-image-240 size-large\" src=\"https:\/\/pto-rock-crusher.com\/wp-content\/uploads\/2025\/11\/0-soil-stabilizer-2-2-1024x515.webp\" alt=\" stabilizator gleby\" width=\"1024\" height=\"515\" srcset=\"https:\/\/pto-rock-crusher.com\/wp-content\/uploads\/2025\/11\/0-soil-stabilizer-2-2-980x493.webp 980w, https:\/\/pto-rock-crusher.com\/wp-content\/uploads\/2025\/11\/0-soil-stabilizer-2-2-480x241.webp 480w\" sizes=\"auto, (min-width: 0px) and (max-width: 480px) 480px, (min-width: 481px) and (max-width: 980px) 980px, (min-width: 981px) 1024px, 100vw\" \/>\ud83c\udf0d\u00a0<strong>Przypadek klienta 1: Rewitalizacja podbudowy autostrady<\/strong><strong>Nazwa<\/strong>: Markus Weber Niemcy Marzec 2024<br \/>\n<strong>Aplikacja<\/strong>:Pe\u0142nowymiarowa rekultywacja (FDR) drogi serwisowej wzd\u0142u\u017c autostrady A9, recykling starego asfaltu i pod\u0142o\u017ca do g\u0142\u0119boko\u015bci 45 cm.<\/p>\n<p>\u201ePo ocenie trzech maszyn wybrali\u015bmy STAB\/FPS ze wzgl\u0119du na jej niezr\u00f3wnan\u0105 stabilno\u015b\u0107 przy wysokich pr\u0119dko\u015bciach roboczych. Konstrukcja z wirnikiem sta\u0142ym umo\u017cliwia\u0142a ci\u0105g\u0142\u0105 prac\u0119 bez problem\u00f3w z wibracjami, a system FCS zapewni\u0142 nam precyzyjn\u0105 kontrol\u0119 nad dozowaniem cementu, co prze\u0142o\u017cy\u0142o si\u0119 na wyj\u0105tkow\u0105 jednorodno\u015b\u0107 mieszania. Uko\u0144czyli\u015bmy 1,8 km dziennie, skracaj\u0105c harmonogram o dwa tygodnie. W Niemczech, gdzie tolerancje in\u017cynieryjne s\u0105 rygorystyczne, ta maszyna spe\u0142ni\u0142a nasze oczekiwania\u201d.<\/p>\n<p>\ud83c\udf3e <strong>Przypadek klienta 2: Modernizacja drogi logistyki rolniczej<\/strong>Sarah Thompson Australia Listopad 2023<br \/>\n<strong>Aplikacja<\/strong>:Modernizacja wewn\u0119trznych dr\u00f3g dojazdowych na terenie 12 000-hektarowej farmy pszenicy w Nowej Po\u0142udniowej Walii w celu zapewnienia ca\u0142orocznego dost\u0119pu dla pojazd\u00f3w ci\u0119\u017carowych.<\/p>\n<p>\u201eW porze deszczowej nasze ci\u0119\u017car\u00f3wki sta\u0142y w korkach przez wiele dni, co kosztowa\u0142o nas tysi\u0105ce. Zamontowali\u015bmy system STAB\/FPS w naszym ci\u0105gniku John Deere 8730 (420 KM) i ustabilizowali\u015bmy 22 km dr\u00f3g, wykorzystuj\u0105c lokalne wapno. Teraz, nawet po ulewnych deszczach, transport przebiega sprawnie. Spr\u0119\u017cynowa spycharka stworzy\u0142a zaskakuj\u0105co g\u0142adk\u0105 nawierzchni\u0119 \u2013 wykonawcy my\u015bleli, \u017ce po\u0142o\u017cyli\u015bmy \u017cwir! Zwrot z inwestycji zosta\u0142 osi\u0105gni\u0119ty w nieca\u0142e 12 miesi\u0119cy.\u201d<\/p>\n<p>\u26cf\ufe0f\u00a0<strong>Przypadek klienta nr 3: Budowa drogi transportu g\u00f3rniczego<\/strong>Carlos Mendoza Chile lipiec 2024<br \/>\n<strong>Aplikacja<\/strong>:Budowa trwa\u0142ych dr\u00f3g transportowych w kopalni miedzi na pustyni Atakama, gdzie panuj\u0105 twarde ska\u0142y wulkaniczne i ekstremalne temperatury.<\/p>\n<p>\u201eTutaj pustynny grunt przypomina beton, us\u0142any ostrymi od\u0142amkami bazaltu. Wi\u0119kszo\u015b\u0107 maszyn psuje si\u0119 w ci\u0105gu kilku dni \u2013 ale STAB\/FPS spisywa\u0142 si\u0119 znakomicie. P\u0142yty trudno\u015bcieralne Hardox\u00ae i kute wa\u0142y wirnika wytrzymywa\u0142y nieustanne \u015bcieranie. Dzi\u0119ki systemowi natryskowemu WSS High Flow i stabilizatorowi polimerowemu zredukowali\u015bmy pylenie o 80% i wyd\u0142u\u017cyli\u015bmy \u017cywotno\u015b\u0107 maszyny z 3 miesi\u0119cy do ponad 2 lat. Nawet w temperaturze 50\u00b0C ch\u0142odzona olejem skrzynia bieg\u00f3w nigdy si\u0119 nie przegrza\u0142a. Teraz m\u00f3wi si\u0119 o niej w chilijskich kr\u0119gach g\u00f3rniczych\u201d.<\/p>\n<p>\ud83d\udee3\ufe0f <strong>Przypadek klienta 4: Projekt \u0142\u0105czno\u015bci na obszarach wiejskich<\/strong><b>\u00a0<\/b>Dr Amina Nkosi Kenia, stycze\u0144 2024 r<br \/>\n<strong>Aplikacja<\/strong>:Finansowany przez rz\u0105d program poprawy dr\u00f3g wiejskich \u0142\u0105cz\u0105cy 12 odleg\u0142ych wiosek w prowincji Rift Valley w Kenii<\/p>\n<p>\u201eNasz bud\u017cet by\u0142 ograniczony, ale jako\u015b\u0107 nie mog\u0142a p\u00f3j\u015b\u0107 na kompromis. System STAB\/FPS idealnie wsp\u00f3\u0142pracowa\u0142 z naszym ci\u0105gnikiem Case IH Magnum 340 (340 KM) \u2013 bez konieczno\u015bci dodatkowych inwestycji. Lokalni technicy zostali przeszkoleni w zaledwie trzy dni. Co najbardziej imponuj\u0105ce, rozdrobni\u0142 on tward\u0105 mieszank\u0119 laterytowo-bazaltow\u0105 na g\u0142\u0119boko\u015b\u0107 50 cm, przebijaj\u0105c warstw\u0119 twardego gruntu, kt\u00f3ra powodowa\u0142a sezonow\u0105 izolacj\u0119. Teraz dzieci mog\u0105 bezpiecznie dotrze\u0107 do szko\u0142y w porze deszczowej. Ta maszyna to nie tylko sprz\u0119t \u2013 to lina ratunkowa\u201d.<\/p>\n<p><strong data-spm-anchor-id=\"5176.28103460.0.i281.bc984fa5rlZb1k\">Dlaczego profesjonali\u015bci wybieraj\u0105 nas<\/strong><br \/>\n\u2705\u00a0<strong>G\u0142\u0119boka wiedza techniczna<\/strong><\/p>\n<ul>\n<li>Nasz zesp\u00f3\u0142 in\u017cynier\u00f3w sk\u0142ada si\u0119 z:\u00a0<strong>in\u017cynierowie budownictwa, specjali\u015bci mechaniki grunt\u00f3w i projektanci ci\u0119\u017ckiego sprz\u0119tu<\/strong>\u00a0z \u0142\u0105cznym do\u015bwiadczeniem si\u0119gaj\u0105cym dziesi\u0119cioleci w budowie dr\u00f3g i ulepszaniu gruntu.<\/li>\n<li>Wsp\u00f3\u0142pracujemy z wiod\u0105cymi uniwersytetami (w tym TU Munich i Politecnico di Milano) w zakresie bada\u0144 materia\u0142oznawczych maj\u0105cych na celu optymalizacj\u0119 dzia\u0142ania stabilizator\u00f3w w r\u00f3\u017cnych typach gleby.<\/li>\n<\/ul>\n<p>\u2705\u00a0<strong>Innowacja sprawdzona w praktyce<\/strong><\/p>\n<ul>\n<li>Ten\u00a0<strong>Seria STAB\/FPS<\/strong>\u00a0zosta\u0142 opracowany w bezpo\u015bredniej odpowiedzi na opinie wykonawc\u00f3w: \u201ePotrzebujemy jednej maszyny, kt\u00f3ra poradzi sobie z autostradami\u00a0<em>I<\/em>\u00a0\u201e\u015bcie\u017cki wiejskie\u201d.<\/li>\n<li>Funkcje takie jak\u00a0<strong>System pe\u0142nej kontroli FCS<\/strong>,\u00a0<strong>Urz\u0105dzenie samonastawne WOM typu W<\/strong>, I\u00a0<strong>Komora krusz\u0105ca o g\u0142\u0119boko\u015bci 50 cm<\/strong>\u00a0nie zosta\u0142y wynalezione w laboratorium \u2014 udoskonalano je na placach budowy, gdzie pora\u017cka nie wchodzi\u0142a w gr\u0119.<\/li>\n<\/ul>\n<p>\u2705\u00a0<strong>Globalna obecno\u015b\u0107, lokalne wsparcie<\/strong><\/p>\n<ul>\n<li>Aktywny w\u00a0<strong>42 kraje<\/strong>\u00a0z certyfikowanymi dealerami i partnerami serwisowymi w Ameryce P\u00f3\u0142nocnej, Europie, Afryce, Azji i Ameryce \u0141aci\u0144skiej.<\/li>\n<li><strong>Wsparcie techniczne 24\/7<\/strong>\u00a0w 8 j\u0119zykach, a tak\u017ce programy szkoleniowe na miejscu dla operator\u00f3w i ekip konserwacyjnych.<\/li>\n<li>Nad\u00a0<strong>1200 jednostek rozmieszczonych na ca\u0142ym \u015bwiecie<\/strong>\u2014z wska\u017anikiem utrzymania klient\u00f3w 96%.<\/li>\n<\/ul>\n<p>\u2705\u00a0<strong>Zaanga\u017cowanie w jako\u015b\u0107 i zr\u00f3wnowa\u017cony rozw\u00f3j<\/strong><\/p>\n<ul>\n<li>Wszystkie krytyczne elementy (wa\u0142y wirnika, obudowy przek\u0142adni, p\u0142yty cierne) s\u0105 wykonane z\u00a0<strong>wysokiej jako\u015bci stal kuta i stal odporna na \u015bcieranie Hardox\u00ae<\/strong>, pochodz\u0105ce od certyfikowanych dostawc\u00f3w z UE.<\/li>\n<li>Nasze maszyny redukuj\u0105 potrzeb\u0119 importu kruszyw i asfaltu, co pozwala na redukcj\u0119 emisji CO\u2082 nawet o\u00a0<strong>70%<\/strong>\u00a0w por\u00f3wnaniu do tradycyjnej nawierzchni.<\/li>\n<li>Oferujemy kompatybilno\u015b\u0107 z\u00a0<strong>ekologiczne stabilizatory<\/strong>, w tym biopolimery i spoiwa pochodz\u0105ce z recyklingu.<\/li>\n<\/ul>\n<p>\ud83c\udfc6\u00a0<strong>Uznana doskona\u0142o\u015b\u0107<\/strong><\/p>\n<ul>\n<li><strong>Zwyci\u0119zca nagrody Bauma Innovation Award 2022<\/strong>\u00a0\u2013 Kategoria Przygotowanie gruntu<\/li>\n<li><strong>Wyr\u00f3\u017cnione w magazynie \u201eWorld Highways\u201d<\/strong>\u00a0(2023):\u00a0<em>\u201eNowa definicja ekonomiki dr\u00f3g wiejskich\u201d<\/em><\/li>\n<li><strong>Preferowany dostawca<\/strong>\u00a0dla projekt\u00f3w infrastruktury wiejskiej UNOPS w Afryce Wschodniej<\/li>\n<li><strong>Certyfikowany Partner<\/strong>\u00a0John Deere, Case IH i New Holland w zakresie zintegrowanych rozwi\u0105za\u0144 ci\u0105gnik-narz\u0119dzie<\/li>\n<\/ul>\n<p>\ud83d\udcac Nasza obietnica dla Ciebie<\/p>\n<p>\u201eNie tylko sprzedajemy maszyny, ale je dostarczamy\u201d <strong>trwa\u0142a wydajno\u015b\u0107 na drodze<\/strong>. Je\u015bli w ci\u0105gu pierwszych 100 godzin pracy Tw\u00f3j STAB\/FPS nie przekroczy oczekiwa\u0144, b\u0119dziemy z Tob\u0105 wsp\u00f3\u0142pracowa\u0107, a\u017c tak si\u0119 stanie.<\/p>\n<p>&nbsp;<\/p>","protected":false},"excerpt":{"rendered":"<p>Ten <strong>Stabilizator gleby<\/strong> to najlepsze rozwi\u0105zanie zapewniaj\u0105ce wydajn\u0105 stabilizacj\u0119 dr\u00f3g i gruntu, zaprojektowane dla ci\u0105gnik\u00f3w o mocy 300\u2013500 KM.<\/p>","protected":false},"featured_media":220,"comment_status":"open","ping_status":"closed","template":"","meta":{"_et_pb_use_builder":"","_et_pb_old_content":"","_et_gb_content_width":""},"product_brand":[],"product_cat":[18],"product_tag":[19],"class_list":{"0":"post-219","1":"product","2":"type-product","3":"status-publish","4":"has-post-thumbnail","6":"product_cat-soil-stabilizer","7":"product_tag-soil-stabilizer","9":"first","10":"instock","11":"shipping-taxable","12":"product-type-simple"},"_links":{"self":[{"href":"https:\/\/pto-rock-crusher.com\/pl\/wp-json\/wp\/v2\/product\/219","targetHints":{"allow":["GET"]}}],"collection":[{"href":"https:\/\/pto-rock-crusher.com\/pl\/wp-json\/wp\/v2\/product"}],"about":[{"href":"https:\/\/pto-rock-crusher.com\/pl\/wp-json\/wp\/v2\/types\/product"}],"replies":[{"embeddable":true,"href":"https:\/\/pto-rock-crusher.com\/pl\/wp-json\/wp\/v2\/comments?post=219"}],"wp:featuredmedia":[{"embeddable":true,"href":"https:\/\/pto-rock-crusher.com\/pl\/wp-json\/wp\/v2\/media\/220"}],"wp:attachment":[{"href":"https:\/\/pto-rock-crusher.com\/pl\/wp-json\/wp\/v2\/media?parent=219"}],"wp:term":[{"taxonomy":"product_brand","embeddable":true,"href":"https:\/\/pto-rock-crusher.com\/pl\/wp-json\/wp\/v2\/product_brand?post=219"},{"taxonomy":"product_cat","embeddable":true,"href":"https:\/\/pto-rock-crusher.com\/pl\/wp-json\/wp\/v2\/product_cat?post=219"},{"taxonomy":"product_tag","embeddable":true,"href":"https:\/\/pto-rock-crusher.com\/pl\/wp-json\/wp\/v2\/product_tag?post=219"}],"curies":[{"name":"wp","href":"https:\/\/api.w.org\/{rel}","templated":true}]}}