{"id":297,"date":"2025-11-25T01:12:13","date_gmt":"2025-11-25T01:12:13","guid":{"rendered":"https:\/\/pto-rock-crusher.com\/?post_type=product&#038;p=297"},"modified":"2025-11-25T03:19:41","modified_gmt":"2025-11-25T03:19:41","slug":"tractor-stone-rock-crusher-mulcher","status":"publish","type":"product","link":"https:\/\/pto-rock-crusher.com\/pl\/produkt\/ciagnik-kruszarka-do-kamieni-mulczer\/","title":{"rendered":"Ci\u0105gnik do kruszenia kamieni i mulczer\u00f3w \u2013 THOR-3.0"},"content":{"rendered":"<h2 class=\"product-section-title\" style=\"background: #000000; color: white; padding: 15px 20px; border-radius: 5px; margin: 20px 0;\">Przegl\u0105d<\/h2>\n<p>THOR 3.0 to <a href=\"https:\/\/pto-rock-crusher.com\/pl\/\">Kruszarka do kamienia montowana na ci\u0105gniku z WOM<\/a> Zaprojektowana do intensywnego karczowania terenu i wst\u0119pnego przygotowania fundament\u00f3w. Jej 3-metrowa szeroko\u015b\u0107 robocza i masa 2800 kg zapewniaj\u0105 jej du\u017c\u0105 moc kruszenia, umo\u017cliwiaj\u0105c sprawne kruszenie twardych ska\u0142, pni drzew i gruzu betonowego w du\u017cych gospodarstwach rolnych, na drogach g\u00f3rniczych i w projektach infrastrukturalnych.<\/p>\n<p>The equipment is compatible with tractors down to 230 hp, operates at a stable speed of 3 km\/h, and ensures uniform crushing depths up to 50 cm even in complex terrain. With its robust structural design and high-torque rotor system, the THOR 3.0 plays a crucial role in modern agricultural reclamation, rural road construction, and degraded land reclamation\u2014transforming &#8220;uncultivable land&#8221; into efficient farmland or stable roadbeds, helping global customers improve operational efficiency, reduce overall costs, and promote sustainable land use.<\/p>\n<p><img loading=\"lazy\" decoding=\"async\" class=\"aligncenter wp-image-301 size-full\" src=\"https:\/\/pto-rock-crusher.com\/wp-content\/uploads\/2025\/11\/0-stone-rock-crusher-tractor-2.webp\" alt=\"ci\u0105gnik krusz\u0105cy kamienie\" width=\"800\" height=\"800\" srcset=\"https:\/\/pto-rock-crusher.com\/wp-content\/uploads\/2025\/11\/0-stone-rock-crusher-tractor-2.webp 800w, https:\/\/pto-rock-crusher.com\/wp-content\/uploads\/2025\/11\/0-stone-rock-crusher-tractor-2-480x480.webp 480w\" sizes=\"auto, (min-width: 0px) and (max-width: 480px) 480px, (min-width: 481px) 800px, 100vw\" \/><\/p>\n<h2 class=\"product-section-title\" style=\"background: #000000; color: white; padding: 15px 20px; border-radius: 5px; margin: 20px 0;\">Dane techniczne<\/h2>\n<table style=\"width: 429px; height: 276px;\">\n<thead>\n<tr style=\"height: 23px;\">\n<th style=\"width: 279.028px; height: 23px;\"><strong>przedmiot<\/strong><\/th>\n<th style=\"width: 136.007px; height: 23px;\"><strong>dane<\/strong><\/th>\n<\/tr>\n<\/thead>\n<tbody>\n<tr style=\"height: 23px;\">\n<td style=\"width: 279.028px; height: 23px;\"><strong>Wymiary<\/strong><\/td>\n<td style=\"width: 136.007px; height: 23px;\"><\/td>\n<\/tr>\n<tr style=\"height: 23px;\">\n<td style=\"width: 279.028px; height: 23px;\">D\u0142ugo\u015b\u0107 (mm.)<\/td>\n<td style=\"width: 136.007px; height: 23px;\">1732<\/td>\n<\/tr>\n<tr style=\"height: 23px;\">\n<td style=\"width: 279.028px; height: 23px;\">Szeroko\u015b\u0107 (mm.)<\/td>\n<td style=\"width: 136.007px; height: 23px;\">3000<\/td>\n<\/tr>\n<tr style=\"height: 23px;\">\n<td style=\"width: 279.028px; height: 23px;\">Wysoko\u015b\u0107 (mm.)<\/td>\n<td style=\"width: 136.007px; height: 23px;\">1212<\/td>\n<\/tr>\n<tr style=\"height: 23px;\">\n<td style=\"width: 279.028px; height: 23px;\">Waga<\/td>\n<td style=\"width: 136.007px; height: 23px;\">2800 kg<\/td>\n<\/tr>\n<tr style=\"height: 23px;\">\n<td style=\"width: 279.028px; height: 23px;\">Kategoria dolnego po\u0142\u0105czenia<\/td>\n<td style=\"width: 136.007px; height: 23px;\">2<\/td>\n<\/tr>\n<tr style=\"height: 23px;\">\n<td style=\"width: 279.028px; height: 23px;\">Szeroko\u015b\u0107<\/td>\n<td style=\"width: 136.007px; height: 23px;\">3,0 m<\/td>\n<\/tr>\n<tr style=\"height: 23px;\">\n<td style=\"width: 279.028px; height: 23px;\"><strong>Wymagania dotycz\u0105ce ci\u0105gnika<\/strong><\/td>\n<td style=\"width: 136.007px; height: 23px;\"><\/td>\n<\/tr>\n<tr style=\"height: 23px;\">\n<td style=\"width: 279.028px; height: 23px;\">Moc silnika (min.)<\/td>\n<td style=\"width: 136.007px; height: 23px;\">230 KM<\/td>\n<\/tr>\n<tr style=\"height: 23px;\">\n<td style=\"width: 279.028px; height: 23px;\">Pr\u0119dko\u015b\u0107 robocza<\/td>\n<td style=\"width: 136.007px; height: 23px;\">3 km\/h<\/td>\n<\/tr>\n<tr style=\"height: 23px;\">\n<td style=\"width: 279.028px; height: 23px;\">Wymagane zawory steruj\u0105ce<\/td>\n<td style=\"width: 136.007px; height: 23px;\">2<\/td>\n<\/tr>\n<\/tbody>\n<\/table>\n<h2 class=\"product-section-title\" style=\"background: #000000; color: white; padding: 15px 20px; border-radius: 5px; margin: 20px 0;\">Zalety<\/h2>\n<h3>\ud83d\udcaa Pot\u0119\u017cna si\u0142a mia\u017cd\u017c\u0105ca<\/h3>\n<p>Wyposa\u017cony w wirnik o wysokim momencie obrotowym i ostrza z w\u0119glika wolframu, skutecznie kruszy twarde przeszkody, takie jak ska\u0142y, pnie drzew i bloki betonowe, bez problemu radz\u0105c sobie z najbardziej wymagaj\u0105cymi warunkami pracy.<\/p>\n<h3>\u2699\ufe0f Elastyczna i regulowana g\u0142\u0119boko\u015b\u0107<\/h3>\n<p>G\u0142\u0119boko\u015b\u0107 robocza mo\u017ce si\u0119ga\u0107 nawet 50 cm i jest regulowana w zale\u017cno\u015bci od potrzeb, co pozwala na precyzyjne dopasowanie do r\u00f3\u017cnych wymaga\u0144 operacyjnych, niezale\u017cnie od tego, czy chodzi o usuwanie p\u0142ytkich przeszk\u00f3d, czy o g\u0142\u0119bok\u0105 odbudow\u0119 gleby.<\/p>\n<h3>\ud83d\udee1\ufe0f Wyj\u0105tkowa trwa\u0142o\u015b\u0107<\/h3>\n<p>Kluczowe komponenty wykonane s\u0105 z wysokowytrzyma\u0142ej, odpornej na zu\u017cycie stali Hardox\u00ae, zapewniaj\u0105cej odporno\u015b\u0107 na uderzenia i zu\u017cycie, co znacznie wyd\u0142u\u017ca \u017cywotno\u015b\u0107 sprz\u0119tu i zmniejsza koszty konserwacji i wymiany.<\/p>\n<h3>\ud83d\ude9c Szeroka kompatybilno\u015b\u0107<\/h3>\n<p>Idealnie kompatybilne z najpopularniejszymi markami ci\u0105gnik\u00f3w o mocy 230\u2013500 KM, w tym John Deere, Case IH, New Holland i Kubota, gotowe do natychmiastowego u\u017cycia bez dodatkowych modyfikacji, co pozwala na szybkie wdro\u017cenie.<\/p>\n<h2 class=\"product-section-title\" style=\"background: #000000; color: white; padding: 15px 20px; border-radius: 5px; margin: 20px 0;\">Scenariusze zastosowa\u0144<\/h2>\n<h3>\ud83c\udf3e Rolnictwo<\/h3>\n<p>Skutecznie odzyskuje now\u0105 ziemi\u0119 uprawn\u0105 zawieraj\u0105c\u0105 ska\u0142y i korzenie drzew; rozbija stwardnia\u0142e warstwy gleby, poprawiaj\u0105c jej struktur\u0119; zapewnia p\u0142askie, niezak\u0142\u00f3cone pod\u0142o\u017ce robocze do zmechanizowanego sadzenia kukurydzy, soi, trzciny cukrowej itp. na du\u017c\u0105 skal\u0119.<\/p>\n<h3>\ud83c\udfd7\ufe0f Budowa infrastruktury<\/h3>\n<p>Nadaje si\u0119 do wst\u0119pnego przygotowania fundament\u00f3w w takich projektach, jak drogi wiejskie, kana\u0142y transportowe na terenach g\u00f3rniczych, autostrady graniczne, elektrownie fotowoltaiczne i farmy wiatrowe; rozdrabnia ska\u0142y i gruz budowlany na miejscu, tworz\u0105c stabiln\u0105 warstw\u0119 bazow\u0105, znacznie skracaj\u0105c czas budowy i zmniejszaj\u0105c koszty wype\u0142niacza.<\/p>\n<h3>\ud83c\udf3f Odnowa ekologiczna i regeneracja grunt\u00f3w<\/h3>\n<p>Pomaga w regeneracji las\u00f3w i budowie pas\u00f3w przeciwpo\u017carowych, szybko usuwaj\u0105c pnie krzew\u00f3w; przeprowadza rekultywacj\u0119 grunt\u00f3w na obszarach pog\u00f3rniczych, zerodowanych zboczach lub obszarach pustynnych, usuwaj\u0105c uci\u0105\u017cliwe przeszkody i tworz\u0105c warunki do odbudowy ro\u015blinno\u015bci.<\/p>\n<h3 data-spm-anchor-id=\"5176.28103460.0.i1341.bc984fa5rlZb1k\"><img loading=\"lazy\" decoding=\"async\" class=\"aligncenter wp-image-295 size-full\" src=\"https:\/\/pto-rock-crusher.com\/wp-content\/uploads\/2025\/11\/0-stone-rock-crusher-1.webp\" alt=\"kruszarka do ska\u0142\" width=\"892\" height=\"440\" srcset=\"https:\/\/pto-rock-crusher.com\/wp-content\/uploads\/2025\/11\/0-stone-rock-crusher-1.webp 892w, https:\/\/pto-rock-crusher.com\/wp-content\/uploads\/2025\/11\/0-stone-rock-crusher-1-480x237.webp 480w\" sizes=\"auto, (min-width: 0px) and (max-width: 480px) 480px, (min-width: 481px) 892px, 100vw\" \/><\/h3>\n<h2 class=\"product-section-title\" style=\"background: #000000; color: white; padding: 15px 20px; border-radius: 5px; margin: 20px 0;\">Jak zainstalowa\u0107 kruszark\u0119 do ska\u0142 montowan\u0105 na ci\u0105gniku<\/h2>\n<ol data-spm-anchor-id=\"5176.28103460.0.i1344.bc984fa5rlZb1k\">\n<li><strong>Przygotuj traktor<\/strong>: Zaparkuj na r\u00f3wnym pod\u0142o\u017cu, wy\u0142\u0105cz silnik, opu\u015b\u0107 3-punktowy zaczep (kategoria 2) i zaci\u0105gnij hamulec postojowy.<\/li>\n<li><strong>Przymocowa\u0107 do zaczepu<\/strong>: Podnie\u015b kruszark\u0119 do odpowiedniej pozycji, wyr\u00f3wnaj z dolnymi ramionami \u0142\u0105cz\u0105cymi i zabezpiecz za pomoc\u0105 sworzni zaczepowych i klips\u00f3w.<\/li>\n<li><strong>Pod\u0142\u0105cz wa\u0142ek odbioru mocy<\/strong>: Nasu\u0144 uk\u0142ad nap\u0119dowy na wyj\u015bcie WOM ci\u0105gnika, zablokuj na miejscu i sprawd\u017a, czy os\u0142ona zabezpieczaj\u0105ca jest zamontowana.<\/li>\n<li><strong>Pod\u0142\u0105czenie hydrauliki (je\u015bli jest na wyposa\u017ceniu)<\/strong>: Pod\u0142\u0105cz w\u0119\u017ce do dw\u00f3ch tylnych zawor\u00f3w zdalnych ci\u0105gnika, aby sterowa\u0107 g\u0142\u0119boko\u015bci\u0105 lub p\u0142yt\u0105 boczn\u0105.<\/li>\n<li><strong>Ostateczne kontrole<\/strong>: Nasmaruj wszystkie z\u0142\u0105cza, dokr\u0119\u0107 \u015bruby, uruchom silnik na biegu ja\u0142owym i powoli przetestuj dzia\u0142anie WOM oraz podno\u015bnika.<\/li>\n<\/ol>\n<p>\u2705 Zawsze sprawdzaj kompatybilno\u015b\u0107 z Twoim ci\u0105gnikiem (modele o mocy 230\u2013500 KM, takie jak John Deere, Case IH, Kubota).<\/p>\n<p>Aby uzyska\u0107 wi\u0119cej szczeg\u00f3\u0142\u00f3w, kliknij i przejd\u017a do naszego przewodnika instalacji.<\/p>\n<p><img loading=\"lazy\" decoding=\"async\" class=\"aligncenter wp-image-302 size-full\" src=\"https:\/\/pto-rock-crusher.com\/wp-content\/uploads\/2025\/11\/0-tractor-stone-rock-crusher-1.webp\" alt=\" kruszarka do kamieni ci\u0105gnikowych \" width=\"1706\" height=\"1280\" srcset=\"https:\/\/pto-rock-crusher.com\/wp-content\/uploads\/2025\/11\/0-tractor-stone-rock-crusher-1.webp 1706w, https:\/\/pto-rock-crusher.com\/wp-content\/uploads\/2025\/11\/0-tractor-stone-rock-crusher-1-1280x960.webp 1280w, https:\/\/pto-rock-crusher.com\/wp-content\/uploads\/2025\/11\/0-tractor-stone-rock-crusher-1-980x735.webp 980w, https:\/\/pto-rock-crusher.com\/wp-content\/uploads\/2025\/11\/0-tractor-stone-rock-crusher-1-480x360.webp 480w\" sizes=\"auto, (min-width: 0px) and (max-width: 480px) 480px, (min-width: 481px) and (max-width: 980px) 980px, (min-width: 981px) and (max-width: 1280px) 1280px, (min-width: 1281px) 1706px, 100vw\" \/><\/p>\n<h2 class=\"product-section-title\" style=\"background: #000000; color: white; padding: 15px 20px; border-radius: 5px; margin: 20px 0;\">Prawdziwe studia przypadk\u00f3w klient\u00f3w<\/h2>\n<h3 data-spm-anchor-id=\"5176.28103460.0.i1353.bc984fa5rlZb1k\">\ud83c\udde7\ud83c\uddf7\u00a0<strong>Brazylia \u2013 Karczowanie p\u00f3l soi<\/strong><\/h3>\n<p><strong>Klient<\/strong>:Carlos Mendes<br \/>\n<strong>Kraj<\/strong>: \ud83c\udde7\ud83c\uddf7 Brazylia (stan Mato Grosso)<br \/>\n<strong>Wielko\u015b\u0107 gospodarstwa<\/strong>: 2000 hektar\u00f3w<\/p>\n<p data-spm-anchor-id=\"5176.28103460.0.i1352.bc984fa5rlZb1k\"><strong>Wyzwanie<\/strong>:<br \/>\nKarczuj\u0105c rodzime tereny Cerrado pod upraw\u0119 soi, Carlos natkn\u0105\u0142 si\u0119 na g\u0119ste bazaltowe g\u0142azy (o \u015brednicy 15\u201340 cm) i g\u0142\u0119boko zakorzenione pnie drzew li\u015bciastych. Tradycyjne p\u0142ugi wci\u0105\u017c si\u0119 \u0142ama\u0142y, a r\u0119czne usuwanie kamieni kosztowa\u0142o 14 tys. rupii (TP4T900 R\/ha) \u2013 op\u00f3\u017aniaj\u0105c sadzenie i zagra\u017caj\u0105c ca\u0142emu sezonowi.<\/p>\n<p><strong>Jak nas znale\u017ali<\/strong>:<br \/>\nCarlos zobaczy\u0142 na \u017cywo demonstracj\u0119 naszej kruszarki do kamieni na targach Agrishow 2023 (najwi\u0119kszych brazylijskich targach rolniczych) i zorganizowa\u0142 pr\u00f3b\u0119 terenow\u0105 za po\u015brednictwem naszego lokalnego dealera.<\/p>\n<p><strong>Nasze rozwi\u0105zanie<\/strong>:<br \/>\nPolecali\u015bmy <strong>Kruszarka do ska\u0142 STAB FRS-250 PTO<\/strong>, zamontowany na jego ci\u0105gniku Valtra T330 (330 KM), ustawiony na g\u0142\u0119boko\u015b\u0107 robocz\u0105 45 cm z z\u0119bami do rozdrabniania pni z w\u0119glika wolframu.<\/p>\n<p><strong>Wyniki<\/strong>:<\/p>\n<ul>\n<li>Wykarczowano 1800 ha w ci\u0105gu 3 tygodni (w por\u00f3wnaniu z pierwotnie zak\u0142adanymi 4 miesi\u0105cami)<\/li>\n<li>Obni\u017cenie koszt\u00f3w karczowania do R$240\/ha<\/li>\n<li>Osi\u0105gni\u0119to bezb\u0142\u0119dne, r\u00f3wnomierne wschody soi<\/li>\n<\/ul>\n<p><strong>Opinia klienta<\/strong>:<\/p>\n<blockquote><p>\u201eTa maszyna nie tylko uratowa\u0142a m\u00f3j sezon siewu \u2013 uratowa\u0142a m\u00f3j biznes. Wcze\u015bniej nazywali\u015bmy t\u0119 ziemi\u0119 \u201eniemo\u017cliw\u0105 do zdobycia\u201d. Teraz to nasze pole o najwy\u017cszych plonach. Zam\u00f3wi\u0142em ju\u017c drug\u0105 maszyn\u0119 na przysz\u0142y rok\u201d.<\/p>\n<p><img loading=\"lazy\" decoding=\"async\" class=\"aligncenter wp-image-304 size-full\" src=\"https:\/\/pto-rock-crusher.com\/wp-content\/uploads\/2025\/11\/0-stone-rock-crusher-tractor-3.webp\" alt=\" ci\u0105gnik krusz\u0105cy kamienie \" width=\"1000\" height=\"787\" srcset=\"https:\/\/pto-rock-crusher.com\/wp-content\/uploads\/2025\/11\/0-stone-rock-crusher-tractor-3.webp 1000w, https:\/\/pto-rock-crusher.com\/wp-content\/uploads\/2025\/11\/0-stone-rock-crusher-tractor-3-980x771.webp 980w, https:\/\/pto-rock-crusher.com\/wp-content\/uploads\/2025\/11\/0-stone-rock-crusher-tractor-3-480x378.webp 480w\" sizes=\"auto, (min-width: 0px) and (max-width: 480px) 480px, (min-width: 481px) and (max-width: 980px) 980px, (min-width: 981px) 1000px, 100vw\" \/><\/p><\/blockquote>\n<hr \/>\n<h3>\ud83c\uddee\ud83c\uddf3\u00a0<strong>Indie \u2013 poprawa gleby pod trzcin\u0119 cukrow\u0105<\/strong><\/h3>\n<p><strong>Klient<\/strong>: Arun Desai<br \/>\n<strong>Kraj<\/strong>: \ud83c\uddee\ud83c\uddf3 Indie (stan Maharasztra)<br \/>\n<strong>Wielko\u015b\u0107 gospodarstwa<\/strong>: 280 akr\u00f3w<\/p>\n<p><strong>Wyzwanie<\/strong>:<br \/>\nPola trzciny cukrowej Aruna le\u017c\u0105 na p\u0142askowy\u017cu Dekan, usiane zwietrza\u0142ymi fragmentami bazaltu (\u201emurum\u201d), kt\u00f3re powodowa\u0142y zag\u0119szczenie gleby i utrudniony rozw\u00f3j korzeni. \u015arednia zdolno\u015b\u0107 kie\u0142kowania wynosi\u0142a zaledwie 65%, co znacznie obni\u017ca\u0142o plony poni\u017cej potencja\u0142u regionalnego.<\/p>\n<p><strong>Jak nas znale\u017ali<\/strong>:<br \/>\nPo obejrzeniu filmu na YouTube zatytu\u0142owanego \u201eCi\u0105gnik do kruszenia kamieni na polu trzciny cukrowej\u201d Arun skontaktowa\u0142 si\u0119 z naszym autoryzowanym dealerem w Pune w celu przeprowadzenia oceny w gospodarstwie.<\/p>\n<p><strong>Nasze rozwi\u0105zanie<\/strong>:<br \/>\nDostarczyli\u015bmy <strong>STAB FRS-225<\/strong>, kompatybilny z jego ci\u0105gnikiem Mahindra 775 DI (WOM 280 KM), pracuj\u0105cy na g\u0142\u0119boko\u015bci 30 cm w celu rozbicia kamieni powierzchniowych i w\u0142\u0105czenia ich do wierzchniej warstwy gleby.<\/p>\n<p><strong>Wyniki<\/strong>:<\/p>\n<ul>\n<li>Gleba sta\u0142a si\u0119 lu\u017aniejsza i bardziej ch\u0142onna<\/li>\n<li>Wska\u017anik kie\u0142kowania wzr\u00f3s\u0142 do 91%<\/li>\n<li>Plony w pierwszym sezonie wzros\u0142y o 18 ton\/akr<\/li>\n<\/ul>\n<p><strong>Opinia klienta<\/strong>:<\/p>\n<blockquote><p>\u201eKiedy\u015b spalali\u015bmy resztki po\u017cniwne i zmagali\u015bmy si\u0119 z kamieniami co sezon. Teraz kruszarka zamienia problemy w gleb\u0119. Moi s\u0105siedzi pytaj\u0105, sk\u0105d mam t\u0119 \u201emagiczn\u0105 maszyn\u0119\u201d!\u201d<\/p><\/blockquote>\n<hr \/>\n<h3>\ud83c\uddfa\ud83c\uddf8\u00a0<strong>USA \u2013 Rekultywacja gospodarstw ekologicznych<\/strong><\/h3>\n<p><strong>Klient<\/strong>:Emily Carter<br \/>\n<strong>Kraj<\/strong>: \ud83c\uddfa\ud83c\uddf8 Stany Zjednoczone (Missouri)<br \/>\n<strong>Wielko\u015b\u0107 gospodarstwa<\/strong>:400 akr\u00f3w (dawny kamienio\u0142om wapienia)<\/p>\n<p><strong>Wyzwanie<\/strong>:<br \/>\nEmily kupi\u0142a zamkni\u0119ty kamienio\u0142om, aby przekszta\u0142ci\u0107 go w certyfikowan\u0105 przez USDA ekologiczn\u0105 farm\u0119 soi. Jednak teren by\u0142 za\u015bmiecony gruzem, kawa\u0142kami betonu, a nawet pr\u0119tami zbrojeniowymi \u2013 co uniemo\u017cliwia\u0142o konwencjonaln\u0105 upraw\u0119, a utylizacja odpad\u00f3w poza terenem by\u0142a niezwykle kosztowna i nieekologiczna.<\/p>\n<p><strong>Jak nas znale\u017ali<\/strong>:<br \/>\nPodczas poszukiwa\u0144 \u201eekologicznego sprz\u0119tu do rekultywacji grunt\u00f3w\u201d natkn\u0119\u0142a si\u0119 na nasz produkt za po\u015brednictwem forum rolniczego i um\u00f3wi\u0142a si\u0119 na prezentacj\u0119 na \u017cywo z naszym dystrybutorem na \u015arodkowym Zachodzie.<\/p>\n<p><strong>Nasze rozwi\u0105zanie<\/strong>:<br \/>\nWdro\u017cyli\u015bmy ci\u0119\u017cki sprz\u0119t <strong>STAB HP-250<\/strong>, zamontowany na jej Case IH Steiger 500 (500 KM), dzia\u0142aj\u0105cy na pe\u0142nej g\u0142\u0119boko\u015bci 50 cm, aby rozdrobni\u0107 wszystkie zanieczyszczenia na miejscu \u2014 bez konieczno\u015bci transportu i nape\u0142niania.<\/p>\n<p><strong>Wyniki<\/strong>:<\/p>\n<ul>\n<li>Zdoby\u0142 certyfikat USDA Organic w roku 1<\/li>\n<li>Osi\u0105gni\u0119to plon soi na poziomie 52 buszli\/akr \u2014 na poziomie \u015brednich regionalnych<\/li>\n<li>Zero odpad\u00f3w, zero zewn\u0119trznych nak\u0142ad\u00f3w: w pe\u0142ni regeneracyjny proces<\/li>\n<\/ul>\n<p><strong>Opinia klienta<\/strong>:<\/p>\n<blockquote><p>\u201eLudzie m\u00f3wili, \u017ce ta ziemia umar\u0142a. Ale twoja kruszarka przywr\u00f3ci\u0142a jej \u017cycie \u2013 bez ci\u0119\u017car\u00f3wek, bez odpad\u00f3w. To nie tylko narz\u0119dzie; to cz\u0119\u015b\u0107 naszej historii regeneracji\u201d.<\/p>\n<p>&nbsp;<\/p><\/blockquote>\n<hr \/>\n<blockquote><p>\u2139\ufe0f <strong>Polityka prywatno\u015bci<\/strong>Powy\u017csze przypadki s\u0105 publikowane za wyra\u017an\u0105 zgod\u0105 klienta. Pozosta\u0142e projekty pozostaj\u0105 poufne na mocy um\u00f3w o zachowaniu poufno\u015bci. Przestrzegamy \u015bcis\u0142ych standard\u00f3w ochrony danych i prywatno\u015bci klient\u00f3w.<\/p><\/blockquote>\n<h2 style=\"text-align: left;\"><\/h2>\n<h2 class=\"product-section-title\" style=\"background: #000000; color: white; padding: 15px 20px; border-radius: 5px; margin: 20px 0;\">Powi\u0105zane akcesoria<\/h2>\n<h3 data-spm-anchor-id=\"5176.28103460.0.i1353.bc984fa5rlZb1k\"><\/h3>\n<p>Dla optymalnej wydajno\u015bci i bezpiecze\u0144stwa oferujemy r\u00f3wnie\u017c wysokiej jako\u015bci <strong>Wa\u0142y odbioru mocy<\/strong> Zaprojektowane specjalnie, aby sprosta\u0107 wymaganiom mocy i wyr\u00f3wnania naszych kruszarek do kamienia. Nasze uk\u0142ady nap\u0119dowe WOM wyposa\u017cone s\u0105 w wytrzyma\u0142e jarzma, samonastawne przeguby i pe\u0142ne os\u0142ony bezpiecze\u0144stwa, aby zapewni\u0107 p\u0142ynne przenoszenie mocy i ochron\u0119 operatora. Aby uzyska\u0107 szczeg\u00f3\u0142owe specyfikacje, opcje personalizacji lub z\u0142o\u017cy\u0107 zam\u00f3wienie, prosimy o kontakt z naszym zaufanym partnerem pod adresem <strong><a target=\"_blank\">pto-shaft.com<\/a><\/strong>.<\/p>\n<p><img loading=\"lazy\" decoding=\"async\" class=\"size-medium wp-image-305 aligncenter\" src=\"https:\/\/pto-rock-crusher.com\/wp-content\/uploads\/2025\/11\/ep_pto-shaft-8-300x300.webp\" alt=\"wa\u0142ek odbioru mocy\" width=\"300\" height=\"300\" \/><\/p>\n<p>Redaktor: Miya<\/p>","protected":false},"excerpt":{"rendered":"<p>Kruszarka do ska\u0142\/kamieni montowana na ci\u0105gniku z WOM (znana r\u00f3wnie\u017c jako kruszarka do ska\u0142\/pni montowana na ci\u0105gniku) to wytrzyma\u0142y, wielofunkcyjny element roboczy nap\u0119dzany przez wa\u0142 odbioru mocy (WOM) ci\u0105gnika. Zosta\u0142a zaprojektowana do wydajnego usuwania kamieni, pni, korzeni drzew, twardej gleby i gruzu budowlanego z gruntu. Umo\u017cliwia kruszenie i wyr\u00f3wnywanie terenu w jednym przej\u015bciu, tworz\u0105c solidny fundament pod p\u00f3\u017aniejsz\u0105 upraw\u0119 roli, uk\u0142adanie nawierzchni lub rekultywacj\u0119 ekologiczn\u0105.<\/p>","protected":false},"featured_media":300,"comment_status":"open","ping_status":"closed","template":"","meta":{"_et_pb_use_builder":"","_et_pb_old_content":"","_et_gb_content_width":""},"product_brand":[],"product_cat":[18],"product_tag":[],"class_list":{"0":"post-297","1":"product","2":"type-product","3":"status-publish","4":"has-post-thumbnail","6":"product_cat-soil-stabilizer","8":"first","9":"instock","10":"shipping-taxable","11":"product-type-simple"},"_links":{"self":[{"href":"https:\/\/pto-rock-crusher.com\/pl\/wp-json\/wp\/v2\/product\/297","targetHints":{"allow":["GET"]}}],"collection":[{"href":"https:\/\/pto-rock-crusher.com\/pl\/wp-json\/wp\/v2\/product"}],"about":[{"href":"https:\/\/pto-rock-crusher.com\/pl\/wp-json\/wp\/v2\/types\/product"}],"replies":[{"embeddable":true,"href":"https:\/\/pto-rock-crusher.com\/pl\/wp-json\/wp\/v2\/comments?post=297"}],"wp:featuredmedia":[{"embeddable":true,"href":"https:\/\/pto-rock-crusher.com\/pl\/wp-json\/wp\/v2\/media\/300"}],"wp:attachment":[{"href":"https:\/\/pto-rock-crusher.com\/pl\/wp-json\/wp\/v2\/media?parent=297"}],"wp:term":[{"taxonomy":"product_brand","embeddable":true,"href":"https:\/\/pto-rock-crusher.com\/pl\/wp-json\/wp\/v2\/product_brand?post=297"},{"taxonomy":"product_cat","embeddable":true,"href":"https:\/\/pto-rock-crusher.com\/pl\/wp-json\/wp\/v2\/product_cat?post=297"},{"taxonomy":"product_tag","embeddable":true,"href":"https:\/\/pto-rock-crusher.com\/pl\/wp-json\/wp\/v2\/product_tag?post=297"}],"curies":[{"name":"wp","href":"https:\/\/api.w.org\/{rel}","templated":true}]}}