{"id":211,"date":"2025-11-14T00:54:53","date_gmt":"2025-11-14T00:54:53","guid":{"rendered":"https:\/\/pto-rock-crusher.com\/cart\/"},"modified":"2025-11-14T01:21:52","modified_gmt":"2025-11-14T01:21:52","slug":"cart","status":"publish","type":"page","link":"https:\/\/pto-rock-crusher.com\/tr\/sepet\/","title":{"rendered":"Sepet"},"content":{"rendered":"<div data-block-name=\"woocommerce\/cart\" class=\"wp-block-woocommerce-cart alignwide is-loading\">\n<div data-block-name=\"woocommerce\/filled-cart-block\" class=\"wp-block-woocommerce-filled-cart-block\">\n<div data-block-name=\"woocommerce\/cart-items-block\" class=\"wp-block-woocommerce-cart-items-block\">\n<div data-block-name=\"woocommerce\/cart-line-items-block\" class=\"wp-block-woocommerce-cart-line-items-block\"><\/div>\n\n\n<\/div>\n\n\n\n\n<div data-block-name=\"woocommerce\/cart-totals-block\" class=\"wp-block-woocommerce-cart-totals-block\">\n<div data-block-name=\"woocommerce\/cart-order-summary-block\" class=\"wp-block-woocommerce-cart-order-summary-block\">\n<div data-block-name=\"woocommerce\/cart-order-summary-heading-block\" class=\"wp-block-woocommerce-cart-order-summary-heading-block\"><\/div><div data-block-name=\"woocommerce\/cart-order-summary-coupon-form-block\" class=\"wp-block-woocommerce-cart-order-summary-coupon-form-block\"><\/div><div data-block-name=\"woocommerce\/cart-order-summary-totals-block\" class=\"wp-block-woocommerce-cart-order-summary-totals-block\">\n<div data-block-name=\"woocommerce\/cart-order-summary-subtotal-block\" class=\"wp-block-woocommerce-cart-order-summary-subtotal-block\"><\/div>\n<div data-block-name=\"woocommerce\/cart-order-summary-discount-block\" class=\"wp-block-woocommerce-cart-order-summary-discount-block\"><\/div>\n<div data-block-name=\"woocommerce\/cart-order-summary-fee-block\" class=\"wp-block-woocommerce-cart-order-summary-fee-block\"><\/div>\n<div data-block-name=\"woocommerce\/cart-order-summary-shipping-block\" class=\"wp-block-woocommerce-cart-order-summary-shipping-block\"><\/div>\n<div data-block-name=\"woocommerce\/cart-order-summary-taxes-block\" class=\"wp-block-woocommerce-cart-order-summary-taxes-block\"><\/div><\/div>\n<\/div>\n\n\n\n<div data-block-name=\"woocommerce\/cart-express-payment-block\" class=\"wp-block-woocommerce-cart-express-payment-block\"><\/div>\n\n\n\n<div data-block-name=\"woocommerce\/proceed-to-checkout-block\" class=\"wp-block-woocommerce-proceed-to-checkout-block\"><\/div>\n\n\n\n<div data-block-name=\"woocommerce\/cart-accepted-payment-methods-block\" class=\"wp-block-woocommerce-cart-accepted-payment-methods-block\"><\/div>\n<\/div>\n<\/div>\n\n\n\n<div data-block-name=\"woocommerce\/empty-cart-block\" class=\"wp-block-woocommerce-empty-cart-block\">\n<h2 class=\"wp-block-heading has-text-align-center with-empty-cart-icon wc-block-cart__empty-cart__title\">Sepetiniz \u015fu anda bo\u015f!<\/h2>\n\n\n\n<hr class=\"wp-block-separator has-alpha-channel-opacity is-style-dots\"\/>\n\n\n\n<h2 class=\"wp-block-heading has-text-align-center\">Yeni \u00fcr\u00fcnler ma\u011fazada<\/h2>\n\n\n<div data-block-name=\"woocommerce\/product-new\" data-columns=\"4\" data-rows=\"1\" class=\"wc-block-grid wp-block-product-new wp-block-woocommerce-product-new wc-block-product-new has-4-columns\"><ul class=\"wc-block-grid__products\"><li class=\"wc-block-grid__product\">\n\t\t\t\t<a href=\"https:\/\/pto-rock-crusher.com\/tr\/urun\/traktor-tas-kaya-kirici-ogutucu\/\" class=\"wc-block-grid__product-link\">\n\t\t\t\t\t\n\t\t\t\t\t<div class=\"wc-block-grid__product-image\"><img loading=\"lazy\" decoding=\"async\" width=\"300\" height=\"300\" src=\"https:\/\/pto-rock-crusher.com\/wp-content\/uploads\/2025\/11\/0-stone-rock-crusher-tractor-300x300.webp\" class=\"attachment-woocommerce_thumbnail size-woocommerce_thumbnail\" alt=\"ta\u015f kaya k\u0131r\u0131c\u0131 trakt\u00f6r\" \/><\/div>\n\t\t\t\t\t<div class=\"wc-block-grid__product-title\">Trakt\u00f6r Ta\u015f K\u0131r\u0131c\u0131 ve \u00d6\u011f\u00fct\u00fcc\u00fc \u2013 THOR-3.0<\/div>\n\t\t\t\t<\/a>\n\t\t\t\t<div class=\"wc-block-grid__product-price price\"><\/div>\n\t\t\t\t\n\t\t\t\t<div class=\"wp-block-button wc-block-grid__product-add-to-cart\"><a href=\"https:\/\/pto-rock-crusher.com\/tr\/urun\/traktor-tas-kaya-kirici-ogutucu\/\" aria-label=\"\u201cTractor Stone Rock Crusher Mulcher - THOR-3.0\u201d hakk\u0131nda daha fazla bilgi edinin\" data-quantity=\"1\" data-product_id=\"297\" data-product_sku=\"\" data-price=\"0\" rel=\"nofollow\" class=\"wp-block-button__link  add_to_cart_button\" data-no-translation=\"\" data-trp-gettext=\"\" data-no-translation-aria-label=\"\">Devam\u0131n\u0131 oku<\/a><\/div>\n\t\t\t<\/li><li class=\"wc-block-grid__product\">\n\t\t\t\t<a href=\"https:\/\/pto-rock-crusher.com\/tr\/urun\/thor-2-4-traktorler-icin-pto-tas-kirma-ve-ogutme-makineleri\/\" class=\"wc-block-grid__product-link\">\n\t\t\t\t\t\n\t\t\t\t\t<div class=\"wc-block-grid__product-image\"><img loading=\"lazy\" decoding=\"async\" width=\"300\" height=\"300\" src=\"https:\/\/pto-rock-crusher.com\/wp-content\/uploads\/2025\/11\/0-stone-rock-crusher-300x300.webp\" class=\"attachment-woocommerce_thumbnail size-woocommerce_thumbnail\" alt=\"ta\u015f kaya k\u0131r\u0131c\u0131\" \/><\/div>\n\t\t\t\t\t<div class=\"wc-block-grid__product-title\">THOR 2.4 motorlu trakt\u00f6rler i\u00e7in PTO ta\u015f k\u0131rma ve \u00f6\u011f\u00fctme makineleri<\/div>\n\t\t\t\t<\/a>\n\t\t\t\t<div class=\"wc-block-grid__product-price price\"><\/div>\n\t\t\t\t\n\t\t\t\t<div class=\"wp-block-button wc-block-grid__product-add-to-cart\"><a href=\"https:\/\/pto-rock-crusher.com\/tr\/urun\/thor-2-4-traktorler-icin-pto-tas-kirma-ve-ogutme-makineleri\/\" aria-label=\"\u201cPTO Stone Rock Crusher Mulchers for Tractor with THOR 2.4\u201d hakk\u0131nda daha fazla bilgi edinin\" data-quantity=\"1\" data-product_id=\"292\" data-product_sku=\"\" data-price=\"0\" rel=\"nofollow\" class=\"wp-block-button__link  add_to_cart_button\" data-no-translation=\"\" data-trp-gettext=\"\" data-no-translation-aria-label=\"\">Devam\u0131n\u0131 oku<\/a><\/div>\n\t\t\t<\/li><li class=\"wc-block-grid__product\">\n\t\t\t\t<a href=\"https:\/\/pto-rock-crusher.com\/tr\/urun\/traktor-toprak-stabilizatoru-yollarin-iyilestirilmesi-icin\/\" class=\"wc-block-grid__product-link\">\n\t\t\t\t\t\n\t\t\t\t\t<div class=\"wc-block-grid__product-image\"><img loading=\"lazy\" decoding=\"async\" width=\"300\" height=\"300\" src=\"https:\/\/pto-rock-crusher.com\/wp-content\/uploads\/2025\/11\/0-soil-stabilizer-2-1-300x300.webp\" class=\"attachment-woocommerce_thumbnail size-woocommerce_thumbnail\" alt=\"toprak stabilizat\u00f6r\u00fc\" \/><\/div>\n\t\t\t\t\t<div class=\"wc-block-grid__product-title\">Yol \u0130yile\u015ftirme Ama\u00e7l\u0131 Trakt\u00f6r Toprak Stabilizat\u00f6r\u00fc<\/div>\n\t\t\t\t<\/a>\n\t\t\t\t<div class=\"wc-block-grid__product-price price\"><\/div>\n\t\t\t\t\n\t\t\t\t<div class=\"wp-block-button wc-block-grid__product-add-to-cart\"><a href=\"https:\/\/pto-rock-crusher.com\/tr\/urun\/traktor-toprak-stabilizatoru-yollarin-iyilestirilmesi-icin\/\" aria-label=\"\u201cTractor Soil Stabilizer for Improving Roads\u201d hakk\u0131nda daha fazla bilgi edinin\" data-quantity=\"1\" data-product_id=\"219\" data-product_sku=\"\" data-price=\"0\" rel=\"nofollow\" class=\"wp-block-button__link  add_to_cart_button\" data-no-translation=\"\" data-trp-gettext=\"\" data-no-translation-aria-label=\"\">Devam\u0131n\u0131 oku<\/a><\/div>\n\t\t\t<\/li><\/ul><\/div><\/div>\n<\/div>","protected":false},"excerpt":{"rendered":"","protected":false},"author":1,"featured_media":0,"parent":0,"menu_order":0,"comment_status":"closed","ping_status":"closed","template":"","meta":{"_et_pb_use_builder":"","_et_pb_old_content":"","_et_gb_content_width":"","footnotes":""},"class_list":["post-211","page","type-page","status-publish","hentry"],"_links":{"self":[{"href":"https:\/\/pto-rock-crusher.com\/tr\/wp-json\/wp\/v2\/pages\/211","targetHints":{"allow":["GET"]}}],"collection":[{"href":"https:\/\/pto-rock-crusher.com\/tr\/wp-json\/wp\/v2\/pages"}],"about":[{"href":"https:\/\/pto-rock-crusher.com\/tr\/wp-json\/wp\/v2\/types\/page"}],"author":[{"embeddable":true,"href":"https:\/\/pto-rock-crusher.com\/tr\/wp-json\/wp\/v2\/users\/1"}],"replies":[{"embeddable":true,"href":"https:\/\/pto-rock-crusher.com\/tr\/wp-json\/wp\/v2\/comments?post=211"}],"version-history":[{"count":1,"href":"https:\/\/pto-rock-crusher.com\/tr\/wp-json\/wp\/v2\/pages\/211\/revisions"}],"predecessor-version":[{"id":218,"href":"https:\/\/pto-rock-crusher.com\/tr\/wp-json\/wp\/v2\/pages\/211\/revisions\/218"}],"wp:attachment":[{"href":"https:\/\/pto-rock-crusher.com\/tr\/wp-json\/wp\/v2\/media?parent=211"}],"curies":[{"name":"wp","href":"https:\/\/api.w.org\/{rel}","templated":true}]}}