{"id":292,"date":"2025-11-24T08:38:37","date_gmt":"2025-11-24T08:38:37","guid":{"rendered":"https:\/\/pto-rock-crusher.com\/?post_type=product&#038;p=292"},"modified":"2025-11-25T01:22:57","modified_gmt":"2025-11-25T01:22:57","slug":"pto-stone-rock-crusher-mulchers-for-tractor-with-thor-2-4","status":"publish","type":"product","link":"https:\/\/pto-rock-crusher.com\/tr\/urun\/thor-2-4-traktorler-icin-pto-tas-kirma-ve-ogutme-makineleri\/","title":{"rendered":"THOR 2.4 motorlu trakt\u00f6rler i\u00e7in PTO ta\u015f k\u0131rma ve \u00f6\u011f\u00fctme makineleri"},"content":{"rendered":"<h2 class=\"product-section-title\" style=\"background: #D51A27; color: white; padding: 15px 20px; border-radius: 5px; margin: 20px 0;\">Genel Bak\u0131\u015f<\/h2>\n<p>Modern tar\u0131mda, arazi geli\u015ftirmede ve altyap\u0131 in\u015faat\u0131nda, verimli ve g\u00fcvenilir trakt\u00f6re monte edilmi\u015f k\u0131rma ekipmanlar\u0131 hayati bir rol oynamaktad\u0131r. Geleneksel tar\u0131m y\u00f6ntemleri, karma\u015f\u0131k arazilerde kayalar, a\u011fa\u00e7 k\u00f6kleri, sert toprak ve beton molozlar\u0131 gibi engellerle kar\u015f\u0131la\u015f\u0131ld\u0131\u011f\u0131nda genellikle verimsiz ve maliyetli olmaktad\u0131r. <a href=\"https:\/\/pto-rock-crusher.com\/tr\/\">PTO kaya k\u0131r\u0131c\u0131lar\u0131<\/a> THOR 2.4 gibi sa\u011flam yap\u0131sal tasar\u0131mlar\u0131, g\u00fc\u00e7l\u00fc k\u0131rma kapasiteleri ve ana ak\u0131m trakt\u00f6rlerle m\u00fckemmel uyumluluklar\u0131 sayesinde, bu makineler operasyonel verimlili\u011fi art\u0131rmak ve manuel i\u015f g\u00fcc\u00fcne olan ba\u011f\u0131ml\u0131l\u0131\u011f\u0131 azaltmak i\u00e7in ideal bir se\u00e7im haline gelmi\u015ftir.<\/p>\n<p>As a leading manufacturer focused on innovation in agricultural and construction machinery, we are committed to providing global users with high-performance, durable, and easy-to-operate agricultural equipment. From precisely matching the power requirements of tractors with 180 horsepower or more to optimizing overall machine size and operating speed (such as the THOR 2.4&#8217;s 2300kg weight and 3 km\/h operating speed), our products are always condition-oriented, helping customers achieve their goals of &#8220;one machine for multiple uses, saving time and labor.&#8221; Whether in the red soil farmlands of Brazil, the hilly regions of India, or the rural road construction sites of Africa, our equipment is writing a chapter of efficiency and reliability in practice.<\/p>\n<h2 class=\"product-section-title\" style=\"background: #D51A27; color: white; padding: 15px 20px; border-radius: 5px; margin: 20px 0;\">Teknik Parametreler<\/h2>\n<div style=\"overflow-x: auto;\">\n<table style=\"max-width: 100%; overflow-x: auto;\" border=\"1\">\n<tbody>\n<tr>\n<td style=\"width: 262.622px;\" data-spm-anchor-id=\"5176.28103460.0.i1272.bc984fa5rlZb1k\"><strong>Boyutlar<\/strong><\/td>\n<td style=\"width: 165.417px;\"><\/td>\n<\/tr>\n<tr>\n<td style=\"width: 262.622px;\"><strong>Uzunluk (mm.)<\/strong><\/td>\n<td style=\"width: 165.417px;\">1546<\/td>\n<\/tr>\n<tr>\n<td style=\"width: 262.622px;\"><strong>Geni\u015flik (mm.)<\/strong><\/td>\n<td style=\"width: 165.417px;\">2481<\/td>\n<\/tr>\n<tr>\n<td style=\"width: 262.622px;\"><strong>Y\u00fckseklik (mm.)<\/strong><\/td>\n<td style=\"width: 165.417px;\">1212<\/td>\n<\/tr>\n<tr>\n<td style=\"width: 262.622px;\"><strong>A\u011f\u0131rl\u0131k<\/strong><\/td>\n<td style=\"width: 165.417px;\">2300 kg<\/td>\n<\/tr>\n<tr>\n<td style=\"width: 262.622px;\"><strong>Alt ba\u011flant\u0131 kategorisi<\/strong><\/td>\n<td style=\"width: 165.417px;\">2<\/td>\n<\/tr>\n<tr>\n<td style=\"width: 262.622px;\"><strong>Geni\u015flik<\/strong><\/td>\n<td style=\"width: 165.417px;\">2,4 m<\/td>\n<\/tr>\n<tr>\n<td style=\"width: 262.622px;\"><strong>Trakt\u00f6r gereksinimleri<\/strong><\/td>\n<td style=\"width: 165.417px;\"><\/td>\n<\/tr>\n<tr>\n<td style=\"width: 262.622px;\"><strong>Motor g\u00fcc\u00fc (dk.)<\/strong><\/td>\n<td style=\"width: 165.417px;\">180 beygir g\u00fcc\u00fc<\/td>\n<\/tr>\n<tr>\n<td style=\"width: 262.622px;\"><strong>\u00c7al\u0131\u015fma h\u0131z\u0131<\/strong><\/td>\n<td style=\"width: 165.417px;\">3 km\/sa<\/td>\n<\/tr>\n<tr>\n<td style=\"width: 262.622px;\"><strong>Gerekli kontrol vanalar\u0131<\/strong><\/td>\n<td style=\"width: 165.417px;\">2<\/td>\n<\/tr>\n<\/tbody>\n<\/table>\n<\/div>\n<p>&nbsp;<\/p>\n<h2 class=\"product-section-title\" style=\"background: #D51A27; color: white; padding: 15px 20px; border-radius: 5px; margin: 20px 0;\">Temel \u00d6zellikler<\/h2>\n<p>A PTO tractor-mounted rock\/stump crusher (also known as a tractor-mounted rock\/stump crusher) is a heavy-duty, multi-functional workpiece driven by the tractor&#8217;s power take-off shaft (PTO). It is specifically designed for efficiently clearing various obstacles in farmland, woodlands, mining areas, or construction sites. It can powerfully crush rocks, stumps, tree roots, hard soil layers, old concrete blocks, and even small steel reinforcement structures, completing the crushing and leveling operations in one pass, laying a solid foundation for subsequent land leveling, sowing, irrigation, paving, or roadbed construction.<\/p>\n<ul>\n<li>\u00dcst\u00fcn K\u0131rma Kapasitesi: Y\u00fcksek torklu rotor sistemi ve tungsten karb\u00fcr b\u0131\u00e7aklar\u0131yla donat\u0131lm\u0131\u015f olup, sert kayalar\u0131 ve inat\u00e7\u0131 a\u011fa\u00e7 k\u00fct\u00fcklerini kolayca k\u0131rar; a\u015f\u0131nma direnci, darbe direnci ve uzun \u00f6m\u00fcrl\u00fc g\u00fcvenilirlik sunar.<\/li>\n<li>Esnek Ayarlanabilir Derinlik: 50 cm'ye kadar \u00e7al\u0131\u015fma derinli\u011fi, s\u0131\u011f arazi temizli\u011finden derin toprak \u0131slah\u0131na kadar \u00e7e\u015fitli \u00e7al\u0131\u015fma ko\u015fullar\u0131na uyum sa\u011flar.<\/li>\n<li>Askeri S\u0131n\u0131f Dayan\u0131kl\u0131 Yap\u0131: Ana bile\u015fenler, kullan\u0131m \u00f6mr\u00fcn\u00fc \u00f6nemli \u00f6l\u00e7\u00fcde uzatan ve bak\u0131m maliyetlerini d\u00fc\u015f\u00fcren Hardox\u00ae y\u00fcksek mukavemetli a\u015f\u0131nmaya dayan\u0131kl\u0131 \u00e7elikten \u00fcretilmi\u015ftir.<\/li>\n<li>Ana Ak\u0131m Trakt\u00f6rlerle Geni\u015f Uyumluluk: John Deere, Case IH, New Holland ve Kubota (300-500 hp) gibi ana ak\u0131m uluslararas\u0131 trakt\u00f6r markalar\u0131yla m\u00fckemmel uyumludur ve ek modifikasyon gerektirmeden hemen kullan\u0131ma haz\u0131rd\u0131r.<\/li>\n<\/ul>\n<p><img loading=\"lazy\" decoding=\"async\" class=\"aligncenter wp-image-296 size-full\" src=\"https:\/\/pto-rock-crusher.com\/wp-content\/uploads\/2025\/11\/0-stone-rock-crusher-2.webp\" alt=\"ta\u015f kaya k\u0131r\u0131c\u0131\" width=\"892\" height=\"501\" srcset=\"https:\/\/pto-rock-crusher.com\/wp-content\/uploads\/2025\/11\/0-stone-rock-crusher-2.webp 892w, https:\/\/pto-rock-crusher.com\/wp-content\/uploads\/2025\/11\/0-stone-rock-crusher-2-480x270.webp 480w\" sizes=\"auto, (min-width: 0px) and (max-width: 480px) 480px, (min-width: 481px) 892px, 100vw\" \/><\/p>\n<h2 class=\"product-section-title\" style=\"background: #D51A27; color: white; padding: 15px 20px; border-radius: 5px; margin: 20px 0;\">Uygulama Senaryolar\u0131<\/h2>\n<h3>\ud83c\udf3e Tar\u0131m<\/h3>\n<p>Y\u00fcksek Verimli Engel Kald\u0131rma: Yeni \u0131slah edilmi\u015f tar\u0131m arazilerinden ta\u015flar\u0131, a\u011fa\u00e7 k\u00fct\u00fcklerini ve derin a\u011fa\u00e7 k\u00f6klerini h\u0131zla kald\u0131rarak, geleneksel tar\u0131m ekipmanlar\u0131n\u0131n kolayca hasar g\u00f6rmesi ve verimsiz olmas\u0131 sorununu \u00e7\u00f6zer;<br \/>\nToprak \u0130yile\u015ftirme: Sert toprak katmanlar\u0131n\u0131 ve s\u0131k\u0131\u015fm\u0131\u015f alanlar\u0131 par\u00e7alayarak toprak ge\u00e7irgenli\u011fini art\u0131r\u0131r ve derin toprak i\u015fleme i\u00e7in ko\u015fullar yarat\u0131r;<br \/>\nGeni\u015f \u00d6l\u00e7ekli Ekim Deste\u011fi: M\u0131s\u0131r, soya fasulyesi, \u015feker kam\u0131\u015f\u0131 ve pamuk gibi geni\u015f \u00f6l\u00e7ekli \u00fcr\u00fcnler i\u00e7in d\u00fcz, engelsiz bir ekim taban\u0131 sa\u011flayarak fide \u00e7\u0131k\u0131\u015f oranlar\u0131n\u0131 ve mekanize i\u015flem verimlili\u011fini art\u0131r\u0131r.<\/p>\n<h3>\ud83c\udfd7\ufe0f Altyap\u0131 \u0130n\u015faat\u0131<\/h3>\n<p>Yol Alt Yap\u0131 \u00d6n \u0130\u015flemi: K\u0131rsal yollar, maden ta\u015f\u0131ma yollar\u0131 ve s\u0131n\u0131r ge\u00e7i\u015fleri gibi projelerde, sa\u011flam bir temel tabaka olu\u015fturmak i\u00e7in kayalar ve engeller yerinde k\u0131r\u0131l\u0131r;<br \/>\nConstruction Waste Resource Utilization: After demolishing old concrete pavements, they are directly crushed and backfilled in situ, achieving &#8220;zero external transportation and low-cost&#8221; recycling;<br \/>\nB\u00fcy\u00fck \u00d6l\u00e7ekli M\u00fchendislik Saha Haz\u0131rl\u0131\u011f\u0131: Havaalan\u0131 pistleri, fotovoltaik enerji santralleri, r\u00fczgar \u00e7iftlikleri ve lojistik parklar\u0131 gibi projeler i\u00e7in \u00f6n arazi d\u00fczeltme \u00e7al\u0131\u015fmalar\u0131na uygundur; in\u015faat s\u00fcresini k\u0131salt\u0131r ve in\u015faat karma\u015f\u0131kl\u0131\u011f\u0131n\u0131 azalt\u0131r.<\/p>\n<h3>\ud83c\udf3f Ekolojik Restorasyon ve Arazi Islah\u0131<\/h3>\n<p>Orman D\u00f6n\u00fc\u015f\u00fcm\u00fc ve Yang\u0131n S\u00f6nd\u00fcrme \u015eeritlerinin Olu\u015fturulmas\u0131: \u00c7al\u0131lar\u0131, k\u00fct\u00fckleri ve devrilmi\u015f a\u011fa\u00e7lar\u0131 etkili bir \u015fekilde ezerek orman y\u00f6netimini ve yang\u0131n s\u00f6nd\u00fcrme \u015feritlerinin h\u0131zl\u0131 bir \u015fekilde olu\u015fturulmas\u0131n\u0131 kolayla\u015ft\u0131r\u0131r;<br \/>\nBozulmu\u015f Arazilerin Yeniden Canland\u0131r\u0131lmas\u0131: \u00c7orak da\u011flarda, terk edilmi\u015f maden alanlar\u0131nda veya ciddi \u015fekilde erozyona u\u011fram\u0131\u015f b\u00f6lgelerde, bitki \u00f6rt\u00fcs\u00fcn\u00fcn yeniden olu\u015fturulmas\u0131 ve ekolojik yeniden yap\u0131lanman\u0131n \u00f6n\u00fcn\u00fc a\u00e7mak i\u00e7in inat\u00e7\u0131 engelleri ortadan kald\u0131r\u0131n.<\/p>\n<h2 class=\"product-section-title\" style=\"background: #D51A27; color: white; padding: 15px 20px; border-radius: 5px; margin: 20px 0;\">Ta\u015f k\u0131rma makinesine sahip olmak size \u015fu avantajlar\u0131 sa\u011flayacakt\u0131r:<\/h2>\n<h3>\u2705 \u00c7ok Fonksiyonlu, S\u00fcre\u00e7 Entegrasyonu<\/h3>\n<p>Elle ta\u015f kald\u0131rma, ekskavat\u00f6rle k\u0131rma ve \u00e7ok a\u015famal\u0131 arazi haz\u0131rl\u0131\u011f\u0131 gibi bir\u00e7ok i\u015flemi ortadan kald\u0131rarak operasyon d\u00f6ng\u00fcs\u00fcn\u00fc \u00f6nemli \u00f6l\u00e7\u00fcde k\u0131salt\u0131r.<\/p>\n<h3>\u2705 Maliyet Azaltma ve Verimlilik Art\u0131\u015f\u0131, Ye\u015fil \u0130n\u015faat<\/h3>\n<p>K\u0131rma ta\u015f veya dolgu malzemesi sat\u0131n alma ihtiyac\u0131n\u0131 ortadan kald\u0131r\u0131r, at\u0131klar\u0131 yerinde i\u015fleyerek malzeme ve nakliye maliyetlerini b\u00fcy\u00fck \u00f6l\u00e7\u00fcde azalt\u0131rken karbon emisyonlar\u0131n\u0131 da d\u00fc\u015f\u00fcr\u00fcr.<\/p>\n<h3>\u2705 Geli\u015ftirilmi\u015f G\u00fcvenlik ve Trafik Kapasitesi<\/h3>\n<p>Gizli ta\u015f ve a\u011fa\u00e7 k\u00fct\u00fcklerinin olu\u015fturdu\u011fu riskleri ortadan kald\u0131rarak, sonraki ekim makineleri, hasat makineleri ve ta\u015f\u0131ma ara\u00e7lar\u0131 i\u00e7in g\u00fcvenli ve verimli ge\u00e7i\u015f sa\u011flar ve tar\u0131m makinelerinin kullan\u0131m \u00f6mr\u00fcn\u00fc uzat\u0131r.<\/p>\n<p>This PTO tractor-mounted stone crusher is not only an &#8220;obstacle remover,&#8221; but also a bridge connecting land potential and productivity\u2014making every inch of land arable, buildable, and sustainable.<\/p>\n<h2 class=\"product-section-title\" style=\"background: #D51A27; color: white; padding: 15px 20px; border-radius: 5px; margin: 20px 0;\">Kaya K\u0131rma Makinemizi Neden Se\u00e7melisiniz?<\/h2>\n<p>&nbsp;<\/p>\n<h3>\u2705 Profesyonel ve G\u00fcvenilir \u00b7 D\u00fcnya \u00c7ap\u0131nda Kan\u0131tlanm\u0131\u015f<\/h3>\n<p>18 y\u0131ll\u0131k k\u0131rma ve arazi haz\u0131rlama ekipman\u0131 deneyimimizle, farkl\u0131 topraklar\u0131n, iklimlerin ve \u00e7al\u0131\u015fma ortamlar\u0131n\u0131n zorluklar\u0131n\u0131 derinlemesine anl\u0131yoruz. \u00dcr\u00fcnlerimiz, Afrika k\u0131rm\u0131z\u0131 topra\u011f\u0131, G\u00fcney Amerika volkanik kayas\u0131, G\u00fcneydo\u011fu Asya sert kili ve Kuzey Amerika donmu\u015f topra\u011f\u0131 gibi a\u015f\u0131r\u0131 ko\u015fullarda uzun s\u00fcreler boyunca \u00e7al\u0131\u015farak, y\u00fcksek g\u00fcvenilirlikleriyle d\u00fcnya \u00e7ap\u0131ndaki m\u00fc\u015fterilerin g\u00fcvenini kazanm\u0131\u015ft\u0131r.<\/p>\n<h3>\ud83c\udf0d Yerelle\u015ftirilmi\u015f Hizmet \u00b7 H\u0131zl\u0131 Yan\u0131t<\/h3>\n<p>40'tan fazla \u00fclkede yetkili bayilerimiz ve teknik servis a\u011flar\u0131m\u0131z bulunmaktad\u0131r; bu sayede m\u00fc\u015fterilerimiz, nerede olurlarsa olsunlar, a\u015fa\u011f\u0131daki hizmetleri alabilirler:<\/p>\n<ul>\n<li>Profesyonel sat\u0131\u015f \u00f6ncesi dan\u0131\u015fmanl\u0131k ve se\u00e7im tavsiyesi<\/li>\n<li>H\u0131zl\u0131 yerinde kurulum ve kullan\u0131m e\u011fitimi<\/li>\n<li>Zaman\u0131nda sat\u0131\u015f sonras\u0131 destek ve orijinal yedek par\u00e7a temini<\/li>\n<li>Ekipman\u0131n\u0131z\u0131n verimli ve sorunsuz \u00e7al\u0131\u015fmas\u0131n\u0131 sa\u011flamak.<\/li>\n<\/ul>\n<h3>\ud83d\udd27 S\u00fcrekli \u0130novasyon \u00b7 Avrupa Hassasiyeti<\/h3>\n<p>Almanya ve \u0130talya'daki m\u00fchendislik ekipleriyle i\u015f birli\u011fi i\u00e7inde, kullan\u0131c\u0131 odakl\u0131 bir Ar-Ge felsefesine ba\u011fl\u0131 kal\u0131yoruz. Rotor dinamiklerinin optimizasyonundan a\u015f\u0131nmaya dayan\u0131kl\u0131 yap\u0131sal tasar\u0131ma kadar her detay sim\u00fclasyon analizi ve saha testlerinden ge\u00e7irilerek, k\u0131rma verimlili\u011fi, yak\u0131t ekonomisi ve genel makine \u00f6mr\u00fc s\u00fcrekli olarak iyile\u015ftiriliyor.<\/p>\n<h3>\ud83c\udf31 Ye\u015fil Misyon \u00b7 S\u00fcrd\u00fcr\u00fclebilir Gelecek<\/h3>\n<p>We advocate for an eco-friendly operational model of &#8220;on-site treatment, turning waste into treasure&#8221;:<\/p>\n<ul>\n<li>Ta\u015flar\u0131n, a\u011fa\u00e7 k\u00f6klerinin ve beton art\u0131klar\u0131n\u0131n do\u011frudan k\u0131r\u0131l\u0131p geri doldurulmas\u0131, nakliye ve depolama maliyetlerini azalt\u0131r;<\/li>\n<li>A\u011f\u0131r y\u00fck kamyonlar\u0131n\u0131n ta\u015f\u0131ma s\u0131kl\u0131\u011f\u0131n\u0131n azalt\u0131lmas\u0131, karbon emisyonlar\u0131n\u0131 \u00f6nemli \u00f6l\u00e7\u00fcde d\u00fc\u015f\u00fcr\u00fcr;<\/li>\n<li>M\u00fc\u015fterilerimizin s\u00fcrd\u00fcr\u00fclebilir tar\u0131m, d\u00fc\u015f\u00fck karbonlu altyap\u0131 ve arazi \u0131slah\u0131 konular\u0131ndaki uzun vadeli hedeflerine ula\u015fmalar\u0131na yard\u0131mc\u0131 olmak.<\/li>\n<\/ul>\n<p>Bizi se\u00e7mek, sadece y\u00fcksek performansl\u0131 bir makine se\u00e7mek de\u011fil, ayn\u0131 zamanda b\u00f6lgeyi, operasyonlar\u0131 ve k\u00fcresel ihtiya\u00e7lar\u0131 anlayan uzun vadeli bir orta\u011f\u0131 se\u00e7mek anlam\u0131na gelir.<\/p>\n<h2 class=\"product-section-title\" style=\"background: #D51A27; color: white; padding: 15px 20px; border-radius: 5px; margin: 20px 0;\">Ger\u00e7ek M\u00fc\u015fteri Vaka \u00c7al\u0131\u015fmalar\u0131<\/h2>\n<p>&nbsp;<\/p>\n<h3>\ud83c\udde7\ud83c\uddf7\u00a0<strong>Brezilya \u2013 Tar\u0131m Arazilerinin Temizlenmesinde \u00d6nc\u00fc<\/strong><\/h3>\n<p><strong>M\u00fc\u015fteri<\/strong>Fernando Silva<br \/>\n<strong>\u00dclke<\/strong>: \ud83c\udde7\ud83c\uddf7 Brezilya<br \/>\n<strong>Sat\u0131n Alma Tarihi<\/strong>\u015eubat 2024<br \/>\n<strong>Ba\u015fvuru<\/strong>Mato Grosso'da yeni a\u00e7\u0131lan 1.800 hektarl\u0131k soya fasulyesi tarlalar\u0131ndan bazalt kayalar\u0131 ve sert a\u011fa\u00e7 k\u00fct\u00fcklerini temizleme \u00e7al\u0131\u015fmas\u0131.<\/p>\n<p data-spm-anchor-id=\"5176.28103460.0.i1306.bc984fa5rlZb1k\"><strong>Arka plan<\/strong>:<br \/>\nBrezilya'n\u0131n tar\u0131msal s\u0131n\u0131r b\u00f6lgesinde yer alan \u00e7iftlik, yo\u011fun volkanik kayalar ve derine k\u00f6k salm\u0131\u015f a\u011fa\u00e7 k\u00fct\u00fckleriyle kar\u015f\u0131 kar\u015f\u0131yayd\u0131; bu durum geleneksel pulluklara s\u00fcrekli zarar veriyor ve elle temizlemeyi son derece pahal\u0131 hale getiriyordu.<\/p>\n<p><strong>\u00c7\u00f6z\u00fcm<\/strong>:<br \/>\nValtra T330 trakt\u00f6r\u00fcne (330 HP) monte edilmi\u015f bir STAB PTO ta\u015f k\u0131r\u0131c\u0131 kullan\u0131ld\u0131 ve tek seferde k\u0131rma ve d\u00fczle\u015ftirme i\u015flemi i\u00e7in 45 cm derinlikte \u00e7al\u0131\u015ft\u0131r\u0131ld\u0131.<\/p>\n<p><strong>M\u00fc\u015fteri Yorumu<\/strong>:<\/p>\n<blockquote><p>\u201cBu araziye eskiden \u2018kaya cehennemi\u2019 derdik, \u015fimdi ise en y\u00fcksek verimli tarlam\u0131z! Bu k\u0131r\u0131c\u0131, eskiden bir hafta s\u00fcren i\u015fi bir g\u00fcnde yap\u0131yor. 30 cm'lik kayalar bile toz haline geliyor. Ekim makinemiz bir kere bile s\u0131k\u0131\u015fmad\u0131. Fiyat\u0131n\u0131n \u00fc\u00e7 kat\u0131 de\u011ferinde!\u201d<\/p>\n<p><img loading=\"lazy\" decoding=\"async\" class=\"alignnone wp-image-295 size-full\" src=\"https:\/\/pto-rock-crusher.com\/wp-content\/uploads\/2025\/11\/0-stone-rock-crusher-1.webp\" alt=\"ta\u015f kaya k\u0131r\u0131c\u0131 \" width=\"892\" height=\"440\" srcset=\"https:\/\/pto-rock-crusher.com\/wp-content\/uploads\/2025\/11\/0-stone-rock-crusher-1.webp 892w, https:\/\/pto-rock-crusher.com\/wp-content\/uploads\/2025\/11\/0-stone-rock-crusher-1-480x237.webp 480w\" sizes=\"auto, (min-width: 0px) and (max-width: 480px) 480px, (min-width: 481px) 892px, 100vw\" \/><\/p><\/blockquote>\n<hr \/>\n<h3>\ud83c\uddee\ud83c\uddf3\u00a0<strong>Hindistan \u2013 K\u00fc\u00e7\u00fck \u00d6l\u00e7ekli \u00c7ift\u00e7ileri G\u00fc\u00e7lendirmek<\/strong><\/h3>\n<p><strong>M\u00fc\u015fteri<\/strong>: Ramesh Patel<br \/>\n<strong>\u00dclke<\/strong>: \ud83c\uddee\ud83c\uddf3 Hindistan<br \/>\n<strong>Sat\u0131n Alma Tarihi<\/strong>Kas\u0131m 2023<br \/>\n<strong>Ba\u015fvuru<\/strong>Gujarat'ta 200 d\u00f6n\u00fcml\u00fck \u015feker kam\u0131\u015f\u0131 tarlas\u0131n\u0131, siyah pamuklu topra\u011fa g\u00f6m\u00fcl\u00fc sert \"murum\" ta\u015flar\u0131n\u0131 temizleyerek haz\u0131rlama \u00e7al\u0131\u015fmas\u0131.<\/p>\n<p><strong>Arka plan<\/strong>:<br \/>\nB\u00f6lgedeki toprakta, k\u00f6k geli\u015fimini k\u0131s\u0131tlayan ve \u00e7imlenme oranlar\u0131n\u0131 1'in alt\u0131nda tutan a\u015f\u0131nm\u0131\u015f bazalt par\u00e7alar\u0131 bulunmaktad\u0131r.<\/p>\n<p><strong>\u00c7\u00f6z\u00fcm<\/strong>:<br \/>\nBir \u00e7ift\u00e7i kooperatifi, 30 cm'ye kadar olan engelleri ezmek i\u00e7in bir Mahindra 775 DI trakt\u00f6r (280 HP PTO) ile e\u015fle\u015ftirilmi\u015f bir STAB FRS-225'i ortakla\u015fa sat\u0131n ald\u0131.<\/p>\n<p><strong>M\u00fc\u015fteri Yorumu<\/strong>:<\/p>\n<blockquote><p>\u201cYerel Mahindra trakt\u00f6r\u00fcm\u00fczle \u00e7al\u0131\u015ft\u0131r\u0131yoruz, yeni bir trakt\u00f6re gerek yok! K\u0131rma i\u015fleminden sonra ta\u015flar topra\u011fa kar\u0131\u015f\u0131yor ve topra\u011f\u0131 daha da gev\u015fetiyor. Bu y\u0131l \u015feker kam\u0131\u015flar\u0131m\u0131z d\u00fczg\u00fcn ve s\u0131k bir \u015fekilde b\u00fcy\u00fcd\u00fc. Kooperatif iki tane daha sipari\u015f veriyor!\u201d<\/p><\/blockquote>\n<hr \/>\n<h3>\ud83c\uddf0\ud83c\uddea\u00a0<strong>Kenya \u2013 K\u0131rsal Altyap\u0131n\u0131n D\u00f6n\u00fc\u015ft\u00fcr\u00fclmesi<\/strong><\/h3>\n<p><strong>M\u00fc\u015fteri<\/strong>: Grace Wanjiru<br \/>\n<strong>\u00dclke<\/strong>: \ud83c\uddf0\ud83c\uddea Kenya<br \/>\n<strong>Sat\u0131n Alma Tarihi<\/strong>Nisan 2024<br \/>\n<strong>Ba\u015fvuru<\/strong>Rift Vadisi'ndeki 12 k\u00f6y i\u00e7in volkanik kaya\u00e7lar\u0131 k\u0131rarak her t\u00fcrl\u00fc hava ko\u015fuluna uygun eri\u015fim yollar\u0131 in\u015fa etmek.<\/p>\n<p><strong>Arka plan<\/strong>:<br \/>\nH\u00fck\u00fcmetin \"Son Mil Ba\u011flant\u0131s\u0131\" projesi, k\u00fc\u00e7\u00fck ekipmanlar\u0131n ba\u015fa \u00e7\u0131kamayaca\u011f\u0131 kadar sert lav olu\u015fumlar\u0131 nedeniyle durdu.<\/p>\n<p><strong>\u00c7\u00f6z\u00fcm<\/strong>:<br \/>\nY\u00fcklenici firma, dolgu malzemesi ithal etmeden sa\u011flam bir temel olu\u015fturmak i\u00e7in, John Deere 6155R (400 HP) \u00fczerine monte edilmi\u015f bir STAB HP-250'yi kullanarak kayalar\u0131 yerinde par\u00e7alad\u0131.<\/p>\n<p><strong>M\u00fc\u015fteri Yorumu<\/strong>:<\/p>\n<blockquote><p>\u201cDaha \u00f6nce 1 kilometrelik yol yap\u0131m\u0131 i\u00e7in patlay\u0131c\u0131lar, damperli kamyonlar ve iki hafta gerekiyordu. \u015eimdi ise bu 'ta\u015f yiyen makine'ye sahip bir trakt\u00f6r \u00fc\u00e7 g\u00fcnde i\u015fi bitiriyor! K\u00f6yl\u00fcler buna 'ta\u015f yiyen demir \u00f6k\u00fcz' diyor. Ya\u011fmurlar gelince ambulanslar nihayet ge\u00e7ebildi.\u201d<\/p><\/blockquote>\n<hr \/>\n<h3>\ud83c\uddfb\ud83c\uddf3\u00a0<strong>Vietnam \u2013 Ormanl\u0131k Alanlar\u0131n Verimli Meyve Bah\u00e7elerine D\u00f6n\u00fc\u015ft\u00fcr\u00fclmesi<\/strong><\/h3>\n<p><strong>M\u00fc\u015fteri<\/strong>: Nguyen Van Loc<br \/>\n<strong>\u00dclke<\/strong>: \ud83c\uddfb\ud83c\uddf3 Vietnam<br \/>\n<strong>Sat\u0131n Alma Tarihi<\/strong>Eyl\u00fcl 2023<br \/>\n<strong>Ba\u015fvuru<\/strong>Binh Phuoc eyaletindeki terk edilmi\u015f ormanl\u0131k alan\u0131n, laterit demirta\u015f\u0131 ve tik a\u011fac\u0131 k\u00fct\u00fcklerinin kald\u0131r\u0131lmas\u0131yla kaju a\u011fac\u0131 plantasyonuna d\u00f6n\u00fc\u015ft\u00fcr\u00fclmesi<\/p>\n<p><strong>Arka plan<\/strong>:<br \/>\nArazi, \u00e7ap\u0131 20 cm'den b\u00fcy\u00fck sert k\u0131rm\u0131z\u0131 laterit ve a\u011fa\u00e7 k\u00fct\u00fckleriyle doluydu; ekskavat\u00f6rler s\u00fcrekli olarak s\u0131k\u0131\u015f\u0131yor veya hasar g\u00f6r\u00fcyordu.<\/p>\n<p><strong>\u00c7\u00f6z\u00fcm<\/strong>:<br \/>\nKubota M125X trakt\u00f6r\u00fcnde, 40 cm derinli\u011fe kadar k\u0131rma i\u015flemi i\u00e7in STAB marka \u00e7ok ama\u00e7l\u0131 k\u0131r\u0131c\u0131 (a\u011fa\u00e7 k\u00fct\u00fc\u011f\u00fc par\u00e7alama di\u015fleriyle donat\u0131lm\u0131\u015f) kullan\u0131ld\u0131.<\/p>\n<p><strong>M\u00fc\u015fteri Yorumu<\/strong>:<\/p>\n<blockquote><p>\u201cA\u011fa\u00e7 k\u00fct\u00fcklerinin yak\u0131lmas\u0131 havay\u0131 kirletiyordu ve ekskavat\u00f6rler k\u0131rm\u0131z\u0131 topra\u011fa bat\u0131yordu. Ama bu makine ileri do\u011fru hareket ediyor ve her \u015feyi par\u00e7al\u0131yor; ta\u015flar\u0131, k\u00f6kleri, hepsi orada g\u00f6m\u00fcl\u00fc. \u00dc\u00e7 ay sonra, her kaju fidan\u0131 geli\u015fti. Hatta h\u00fck\u00fcmet bile y\u00f6ntemimizi incelemeye geldi!\u201d<\/p><\/blockquote>","protected":false},"excerpt":{"rendered":"<p>PTO ta\u015f k\u0131r\u0131c\u0131, 300-500 beygir g\u00fcc\u00fcndeki trakt\u00f6rler i\u00e7in tasarlanm\u0131\u015ft\u0131r ve 50 santimetreye kadar derinlikte \u00e7al\u0131\u015fabilir. Tek bir i\u015flemde m\u00fckemmel tohum yataklar\u0131 veya yol yataklar\u0131 olu\u015fturarak en engebeli arazilerinizi son derece verimli bir arazi kullan\u0131m\u0131na d\u00f6n\u00fc\u015ft\u00fcrebilir.<\/p>","protected":false},"featured_media":294,"comment_status":"open","ping_status":"closed","template":"","meta":{"_et_pb_use_builder":"","_et_pb_old_content":"","_et_gb_content_width":""},"product_brand":[],"product_cat":[18],"product_tag":[],"class_list":{"0":"post-292","1":"product","2":"type-product","3":"status-publish","4":"has-post-thumbnail","6":"product_cat-soil-stabilizer","8":"first","9":"instock","10":"shipping-taxable","11":"product-type-simple"},"_links":{"self":[{"href":"https:\/\/pto-rock-crusher.com\/tr\/wp-json\/wp\/v2\/product\/292","targetHints":{"allow":["GET"]}}],"collection":[{"href":"https:\/\/pto-rock-crusher.com\/tr\/wp-json\/wp\/v2\/product"}],"about":[{"href":"https:\/\/pto-rock-crusher.com\/tr\/wp-json\/wp\/v2\/types\/product"}],"replies":[{"embeddable":true,"href":"https:\/\/pto-rock-crusher.com\/tr\/wp-json\/wp\/v2\/comments?post=292"}],"wp:featuredmedia":[{"embeddable":true,"href":"https:\/\/pto-rock-crusher.com\/tr\/wp-json\/wp\/v2\/media\/294"}],"wp:attachment":[{"href":"https:\/\/pto-rock-crusher.com\/tr\/wp-json\/wp\/v2\/media?parent=292"}],"wp:term":[{"taxonomy":"product_brand","embeddable":true,"href":"https:\/\/pto-rock-crusher.com\/tr\/wp-json\/wp\/v2\/product_brand?post=292"},{"taxonomy":"product_cat","embeddable":true,"href":"https:\/\/pto-rock-crusher.com\/tr\/wp-json\/wp\/v2\/product_cat?post=292"},{"taxonomy":"product_tag","embeddable":true,"href":"https:\/\/pto-rock-crusher.com\/tr\/wp-json\/wp\/v2\/product_tag?post=292"}],"curies":[{"name":"wp","href":"https:\/\/api.w.org\/{rel}","templated":true}]}}