{"id":297,"date":"2025-11-25T01:12:13","date_gmt":"2025-11-25T01:12:13","guid":{"rendered":"https:\/\/pto-rock-crusher.com\/?post_type=product&#038;p=297"},"modified":"2025-11-25T03:19:41","modified_gmt":"2025-11-25T03:19:41","slug":"tractor-stone-rock-crusher-mulcher","status":"publish","type":"product","link":"https:\/\/pto-rock-crusher.com\/tr\/urun\/traktor-tas-kaya-kirici-ogutucu\/","title":{"rendered":"Trakt\u00f6r Ta\u015f K\u0131r\u0131c\u0131 ve \u00d6\u011f\u00fct\u00fcc\u00fc \u2013 THOR-3.0"},"content":{"rendered":"<h2 class=\"product-section-title\" style=\"background: #000000; color: white; padding: 15px 20px; border-radius: 5px; margin: 20px 0;\">Genel Bak\u0131\u015f<\/h2>\n<p>THOR 3.0 bir <a href=\"https:\/\/pto-rock-crusher.com\/tr\/\">PTO trakt\u00f6re monte ta\u015f k\u0131r\u0131c\u0131<\/a> Y\u00fcksek yo\u011funluklu arazi temizleme ve temel \u00f6n haz\u0131rl\u0131\u011f\u0131 i\u00e7in tasarlanm\u0131\u015ft\u0131r. 3 metre geni\u015fli\u011findeki \u00e7al\u0131\u015fma alan\u0131 ve 2800 kg a\u011f\u0131rl\u0131\u011f\u0131, g\u00fc\u00e7l\u00fc k\u0131rma kapasitesi sa\u011flayarak b\u00fcy\u00fck \u00e7iftliklerde, maden yollar\u0131nda ve altyap\u0131 projelerinde sert kayalar\u0131, a\u011fa\u00e7 k\u00fct\u00fcklerini ve beton molozlar\u0131n\u0131 verimli bir \u015fekilde i\u015fler.<\/p>\n<p>The equipment is compatible with tractors down to 230 hp, operates at a stable speed of 3 km\/h, and ensures uniform crushing depths up to 50 cm even in complex terrain. With its robust structural design and high-torque rotor system, the THOR 3.0 plays a crucial role in modern agricultural reclamation, rural road construction, and degraded land reclamation\u2014transforming &#8220;uncultivable land&#8221; into efficient farmland or stable roadbeds, helping global customers improve operational efficiency, reduce overall costs, and promote sustainable land use.<\/p>\n<p><img loading=\"lazy\" decoding=\"async\" class=\"aligncenter wp-image-301 size-full\" src=\"https:\/\/pto-rock-crusher.com\/wp-content\/uploads\/2025\/11\/0-stone-rock-crusher-tractor-2.webp\" alt=\"ta\u015f kaya k\u0131r\u0131c\u0131 trakt\u00f6r\" width=\"800\" height=\"800\" srcset=\"https:\/\/pto-rock-crusher.com\/wp-content\/uploads\/2025\/11\/0-stone-rock-crusher-tractor-2.webp 800w, https:\/\/pto-rock-crusher.com\/wp-content\/uploads\/2025\/11\/0-stone-rock-crusher-tractor-2-480x480.webp 480w\" sizes=\"auto, (min-width: 0px) and (max-width: 480px) 480px, (min-width: 481px) 800px, 100vw\" \/><\/p>\n<h2 class=\"product-section-title\" style=\"background: #000000; color: white; padding: 15px 20px; border-radius: 5px; margin: 20px 0;\">Teknik Veriler<\/h2>\n<table style=\"width: 429px; height: 276px;\">\n<thead>\n<tr style=\"height: 23px;\">\n<th style=\"width: 279.028px; height: 23px;\"><strong>\u00f6\u011fe<\/strong><\/th>\n<th style=\"width: 136.007px; height: 23px;\"><strong>veri<\/strong><\/th>\n<\/tr>\n<\/thead>\n<tbody>\n<tr style=\"height: 23px;\">\n<td style=\"width: 279.028px; height: 23px;\"><strong>Boyutlar<\/strong><\/td>\n<td style=\"width: 136.007px; height: 23px;\"><\/td>\n<\/tr>\n<tr style=\"height: 23px;\">\n<td style=\"width: 279.028px; height: 23px;\">Uzunluk (mm.)<\/td>\n<td style=\"width: 136.007px; height: 23px;\">1732<\/td>\n<\/tr>\n<tr style=\"height: 23px;\">\n<td style=\"width: 279.028px; height: 23px;\">Geni\u015flik (mm.)<\/td>\n<td style=\"width: 136.007px; height: 23px;\">3000<\/td>\n<\/tr>\n<tr style=\"height: 23px;\">\n<td style=\"width: 279.028px; height: 23px;\">Y\u00fckseklik (mm.)<\/td>\n<td style=\"width: 136.007px; height: 23px;\">1212<\/td>\n<\/tr>\n<tr style=\"height: 23px;\">\n<td style=\"width: 279.028px; height: 23px;\">A\u011f\u0131rl\u0131k<\/td>\n<td style=\"width: 136.007px; height: 23px;\">2800 kg<\/td>\n<\/tr>\n<tr style=\"height: 23px;\">\n<td style=\"width: 279.028px; height: 23px;\">Alt ba\u011flant\u0131 kategorisi<\/td>\n<td style=\"width: 136.007px; height: 23px;\">2<\/td>\n<\/tr>\n<tr style=\"height: 23px;\">\n<td style=\"width: 279.028px; height: 23px;\">Geni\u015flik<\/td>\n<td style=\"width: 136.007px; height: 23px;\">3,0 m<\/td>\n<\/tr>\n<tr style=\"height: 23px;\">\n<td style=\"width: 279.028px; height: 23px;\"><strong>Trakt\u00f6r gereksinimleri<\/strong><\/td>\n<td style=\"width: 136.007px; height: 23px;\"><\/td>\n<\/tr>\n<tr style=\"height: 23px;\">\n<td style=\"width: 279.028px; height: 23px;\">Motor g\u00fcc\u00fc (dk.)<\/td>\n<td style=\"width: 136.007px; height: 23px;\">230 beygir g\u00fcc\u00fc<\/td>\n<\/tr>\n<tr style=\"height: 23px;\">\n<td style=\"width: 279.028px; height: 23px;\">\u00c7al\u0131\u015fma h\u0131z\u0131<\/td>\n<td style=\"width: 136.007px; height: 23px;\">3 km\/sa<\/td>\n<\/tr>\n<tr style=\"height: 23px;\">\n<td style=\"width: 279.028px; height: 23px;\">Gerekli kontrol vanalar\u0131<\/td>\n<td style=\"width: 136.007px; height: 23px;\">2<\/td>\n<\/tr>\n<\/tbody>\n<\/table>\n<h2 class=\"product-section-title\" style=\"background: #000000; color: white; padding: 15px 20px; border-radius: 5px; margin: 20px 0;\">Avantajlar<\/h2>\n<h3>\ud83d\udcaa G\u00fc\u00e7l\u00fc Ezici Kuvvet<\/h3>\n<p>Y\u00fcksek torklu rotor sistemi ve tungsten karb\u00fcr b\u0131\u00e7aklar\u0131yla donat\u0131lm\u0131\u015f olan bu makine, kaya, a\u011fa\u00e7 k\u00fct\u00fc\u011f\u00fc ve beton blok gibi sert engelleri etkili bir \u015fekilde k\u0131rarak en zorlu \u00e7al\u0131\u015fma ko\u015fullar\u0131n\u0131n \u00fcstesinden kolayca gelir.<\/p>\n<h3>\u2699\ufe0f Esnek ve Ayarlanabilir Derinlik<\/h3>\n<p>\u00c7al\u0131\u015fma derinli\u011fi, ihtiya\u00e7 duyuldu\u011fu \u015fekilde ayarlanabilen ve s\u0131\u011f engellerin temizlenmesinden derin toprak yeniden yap\u0131land\u0131r\u0131lmas\u0131na kadar farkl\u0131 operasyonel gereksinimlere tam olarak uyum sa\u011flayan 50 cm'ye kadar ula\u015fabilir.<\/p>\n<h3>\ud83d\udee1\ufe0f \u00dcst\u00fcn Dayan\u0131kl\u0131l\u0131k<\/h3>\n<p>Ba\u015fl\u0131ca bile\u015fenler, darbelere ve a\u015f\u0131nmaya kar\u015f\u0131 dayan\u0131kl\u0131l\u0131k sa\u011flayan, ekipman \u00f6mr\u00fcn\u00fc \u00f6nemli \u00f6l\u00e7\u00fcde uzatan ve bak\u0131m ve de\u011fi\u015ftirme maliyetlerini azaltan Hardox\u00ae y\u00fcksek mukavemetli a\u015f\u0131nmaya dayan\u0131kl\u0131 \u00e7elikten \u00fcretilmi\u015ftir.<\/p>\n<h3>\ud83d\ude9c Geni\u015f Uyumluluk<\/h3>\n<p>John Deere, Case IH, New Holland ve Kubota dahil olmak \u00fczere 230-500 hp aras\u0131ndaki ana ak\u0131m trakt\u00f6r markalar\u0131yla m\u00fckemmel uyumlu olup, ek modifikasyon gerektirmeden hemen kullan\u0131ma haz\u0131rd\u0131r ve h\u0131zl\u0131 kurulum sa\u011flar.<\/p>\n<h2 class=\"product-section-title\" style=\"background: #000000; color: white; padding: 15px 20px; border-radius: 5px; margin: 20px 0;\">Uygulama Senaryolar\u0131<\/h2>\n<h3>\ud83c\udf3e Tar\u0131m<\/h3>\n<p>Kayalar ve a\u011fa\u00e7 k\u00f6kleri i\u00e7eren yeni tar\u0131m arazilerini verimli bir \u015fekilde \u0131slah eder; sertle\u015fmi\u015f toprak katmanlar\u0131n\u0131 par\u00e7alayarak toprak yap\u0131s\u0131n\u0131 iyile\u015ftirir; m\u0131s\u0131r, soya fasulyesi, \u015feker kam\u0131\u015f\u0131 vb. \u00fcr\u00fcnlerin b\u00fcy\u00fck \u00f6l\u00e7ekli mekanize ekimi i\u00e7in d\u00fcz, engelsiz bir \u00e7al\u0131\u015fma zemini sa\u011flar.<\/p>\n<h3>\ud83c\udfd7\ufe0f Altyap\u0131 \u0130n\u015faat\u0131<\/h3>\n<p>K\u0131rsal yollar, maden sahas\u0131 ula\u015f\u0131m kanallar\u0131, s\u0131n\u0131r otoyollar\u0131, fotovoltaik enerji santralleri ve r\u00fczgar \u00e7iftlikleri gibi projelerin \u00f6n temel haz\u0131rl\u0131\u011f\u0131 i\u00e7in uygundur; yerinde kaya ve in\u015faat molozlar\u0131n\u0131 par\u00e7alayarak sa\u011flam bir temel tabakas\u0131 olu\u015fturur, in\u015faat s\u00fcresini \u00f6nemli \u00f6l\u00e7\u00fcde k\u0131salt\u0131r ve dolgu maliyetlerini d\u00fc\u015f\u00fcr\u00fcr.<\/p>\n<h3>\ud83c\udf3f Ekolojik Restorasyon ve Arazi Yenileme<\/h3>\n<p>Orman yenilenmesine ve yang\u0131n \u00f6nleme \u015feritlerinin olu\u015fturulmas\u0131na yard\u0131mc\u0131 olur, \u00e7al\u0131 k\u00f6klerini h\u0131zla temizler; terk edilmi\u015f maden alanlar\u0131nda, erozyona u\u011fram\u0131\u015f yama\u00e7larda veya \u00e7\u00f6lle\u015fmi\u015f alanlarda arazi \u0131slah\u0131 uygular, inat\u00e7\u0131 engelleri kald\u0131r\u0131r ve bitki \u00f6rt\u00fcs\u00fcn\u00fcn yeniden olu\u015fumu i\u00e7in ko\u015fullar yarat\u0131r.<\/p>\n<h3 data-spm-anchor-id=\"5176.28103460.0.i1341.bc984fa5rlZb1k\"><img loading=\"lazy\" decoding=\"async\" class=\"aligncenter wp-image-295 size-full\" src=\"https:\/\/pto-rock-crusher.com\/wp-content\/uploads\/2025\/11\/0-stone-rock-crusher-1.webp\" alt=\"ta\u015f kaya k\u0131r\u0131c\u0131\" width=\"892\" height=\"440\" srcset=\"https:\/\/pto-rock-crusher.com\/wp-content\/uploads\/2025\/11\/0-stone-rock-crusher-1.webp 892w, https:\/\/pto-rock-crusher.com\/wp-content\/uploads\/2025\/11\/0-stone-rock-crusher-1-480x237.webp 480w\" sizes=\"auto, (min-width: 0px) and (max-width: 480px) 480px, (min-width: 481px) 892px, 100vw\" \/><\/h3>\n<h2 class=\"product-section-title\" style=\"background: #000000; color: white; padding: 15px 20px; border-radius: 5px; margin: 20px 0;\">Trakt\u00f6re Monte Edilen Ta\u015f K\u0131rma Makinesinin Kurulumu Nas\u0131l Yap\u0131l\u0131r?<\/h2>\n<ol data-spm-anchor-id=\"5176.28103460.0.i1344.bc984fa5rlZb1k\">\n<li><strong>Trakt\u00f6r\u00fc haz\u0131rlay\u0131n<\/strong>D\u00fcz bir zemine park edin, motoru kapat\u0131n, 3 noktal\u0131 ask\u0131 sistemini (Kategori 2) indirin ve el frenini \u00e7ekin.<\/li>\n<li><strong>\u00c7eki demirine tak\u0131n<\/strong>K\u0131r\u0131c\u0131y\u0131 yerine kald\u0131r\u0131n, alt ba\u011flant\u0131 kollar\u0131yla hizalay\u0131n ve ba\u011flant\u0131 pimleri ve klipslerle sabitleyin.<\/li>\n<li><strong>PTO \u015faft\u0131n\u0131 ba\u011flay\u0131n<\/strong>Tahrik milini trakt\u00f6r\u00fcn PTO \u00e7\u0131k\u0131\u015f\u0131na tak\u0131n, yerine kilitleyin ve emniyet koruyucusunun tak\u0131l\u0131 oldu\u011fundan emin olun.<\/li>\n<li><strong>Hidrolik sistemi ba\u011flay\u0131n (varsa).<\/strong>Derinlik veya yan plaka kontrol\u00fc i\u00e7in hortumlar\u0131 trakt\u00f6r\u00fcn arkas\u0131ndaki iki uzaktan kumandal\u0131 valfe ba\u011flay\u0131n.<\/li>\n<li><strong>Son kontroller<\/strong>: T\u00fcm ba\u011flant\u0131 noktalar\u0131n\u0131 ya\u011flay\u0131n, c\u0131vatalar\u0131 s\u0131k\u0131n, r\u00f6lantide \u00e7al\u0131\u015ft\u0131r\u0131n ve PTO devreye girme ve kald\u0131rma fonksiyonlar\u0131n\u0131 yava\u015f\u00e7a test edin.<\/li>\n<\/ol>\n<p>\u2705 Trakt\u00f6r\u00fcn\u00fczle (John Deere, Case IH, Kubota gibi 230-500 HP modeller) uyumlulu\u011fu her zaman do\u011frulay\u0131n.<\/p>\n<p>Daha fazla ayr\u0131nt\u0131 i\u00e7in l\u00fctfen kurulum k\u0131lavuzumuza t\u0131klay\u0131n.<\/p>\n<p><img loading=\"lazy\" decoding=\"async\" class=\"aligncenter wp-image-302 size-full\" src=\"https:\/\/pto-rock-crusher.com\/wp-content\/uploads\/2025\/11\/0-tractor-stone-rock-crusher-1.webp\" alt=\" trakt\u00f6r ta\u015f kaya k\u0131r\u0131c\u0131 \" width=\"1706\" height=\"1280\" srcset=\"https:\/\/pto-rock-crusher.com\/wp-content\/uploads\/2025\/11\/0-tractor-stone-rock-crusher-1.webp 1706w, https:\/\/pto-rock-crusher.com\/wp-content\/uploads\/2025\/11\/0-tractor-stone-rock-crusher-1-1280x960.webp 1280w, https:\/\/pto-rock-crusher.com\/wp-content\/uploads\/2025\/11\/0-tractor-stone-rock-crusher-1-980x735.webp 980w, https:\/\/pto-rock-crusher.com\/wp-content\/uploads\/2025\/11\/0-tractor-stone-rock-crusher-1-480x360.webp 480w\" sizes=\"auto, (min-width: 0px) and (max-width: 480px) 480px, (min-width: 481px) and (max-width: 980px) 980px, (min-width: 981px) and (max-width: 1280px) 1280px, (min-width: 1281px) 1706px, 100vw\" \/><\/p>\n<h2 class=\"product-section-title\" style=\"background: #000000; color: white; padding: 15px 20px; border-radius: 5px; margin: 20px 0;\">Ger\u00e7ek M\u00fc\u015fteri Vaka \u00c7al\u0131\u015fmalar\u0131<\/h2>\n<h3 data-spm-anchor-id=\"5176.28103460.0.i1353.bc984fa5rlZb1k\">\ud83c\udde7\ud83c\uddf7\u00a0<strong>Brezilya \u2013 Soya Fasulyesi Tarlas\u0131 Arazi Temizli\u011fi<\/strong><\/h3>\n<p><strong>M\u00fc\u015fteri<\/strong>Carlos Mendes<br \/>\n<strong>\u00dclke<\/strong>: \ud83c\udde7\ud83c\uddf7 Brezilya (Mato Grosso Eyaleti)<br \/>\n<strong>\u00c7iftlik B\u00fcy\u00fckl\u00fc\u011f\u00fc<\/strong>: 2.000 hektar<\/p>\n<p data-spm-anchor-id=\"5176.28103460.0.i1352.bc984fa5rlZb1k\"><strong>Meydan okumak<\/strong>:<br \/>\nCarlos, Cerrado b\u00f6lgesindeki do\u011fal arazide soya fasulyesi ekimi i\u00e7in temizlik yaparken, yo\u011fun bazalt kaya bloklar\u0131yla (15-40 cm \u00e7ap\u0131nda) ve derin k\u00f6kl\u00fc sert a\u011fa\u00e7 k\u00fct\u00fckleriyle kar\u015f\u0131la\u015ft\u0131. Geleneksel pulluklar s\u00fcrekli k\u0131r\u0131l\u0131yordu ve elle kaya temizleme i\u015flemi hektar ba\u015f\u0131na 1.500.400 R'ye mal oluyordu; bu da ekimi geciktiriyor ve t\u00fcm sezonunu tehlikeye at\u0131yordu.<\/p>\n<p><strong>Bizi Nas\u0131l Buldular<\/strong>:<br \/>\nCarlos, Brezilya'n\u0131n en b\u00fcy\u00fck tar\u0131m fuar\u0131 olan Agrishow 2023'te ta\u015f k\u0131rma makinemizin canl\u0131 demosunu izledi ve yerel bayimiz arac\u0131l\u0131\u011f\u0131yla bir saha denemesi ayarlad\u0131.<\/p>\n<p><strong>\u00c7\u00f6z\u00fcm\u00fcm\u00fcz<\/strong>:<br \/>\nBiz tavsiye ettik. <strong>STAB FRS-250 PTO Ta\u015f K\u0131r\u0131c\u0131<\/strong>Valtra T330 trakt\u00f6r\u00fcne (330 HP) monte edilmi\u015f, tungsten karb\u00fcrden yap\u0131lm\u0131\u015f k\u00fct\u00fck par\u00e7alay\u0131c\u0131 di\u015flerle 45 cm \u00e7al\u0131\u015fma derinli\u011fine ayarlanm\u0131\u015f bir makine.<\/p>\n<p><strong>Sonu\u00e7lar<\/strong>:<\/p>\n<ul>\n<li>3 haftada 1.800 hektarl\u0131k alan temizlendi (ba\u015flang\u0131\u00e7ta \u00f6ng\u00f6r\u00fclen 4 aya k\u0131yasla).<\/li>\n<li>Temizleme maliyeti hektar ba\u015f\u0131na 1,4 milyar R'ye (4,5 milyar TL) d\u00fc\u015f\u00fcr\u00fcld\u00fc.<\/li>\n<li>Kusursuz ve homojen soya fasulyesi filizlenmesi sa\u011fland\u0131.<\/li>\n<\/ul>\n<p><strong>M\u00fc\u015fteri Yorumu<\/strong>:<\/p>\n<blockquote><p>\u201cBu makine sadece ekim sezonumu kurtarmakla kalmad\u0131, i\u015fimi de kurtard\u0131. Daha \u00f6nce bu araziye 'imkans\u0131z' diyorduk. \u015eimdi ise en y\u00fcksek verimli tarlam\u0131z. Gelecek y\u0131l i\u00e7in ikinci bir \u00fcnite daha sipari\u015f ettim bile.\u201d<\/p>\n<p><img loading=\"lazy\" decoding=\"async\" class=\"aligncenter wp-image-304 size-full\" src=\"https:\/\/pto-rock-crusher.com\/wp-content\/uploads\/2025\/11\/0-stone-rock-crusher-tractor-3.webp\" alt=\" ta\u015f kaya k\u0131r\u0131c\u0131 trakt\u00f6r \" width=\"1000\" height=\"787\" srcset=\"https:\/\/pto-rock-crusher.com\/wp-content\/uploads\/2025\/11\/0-stone-rock-crusher-tractor-3.webp 1000w, https:\/\/pto-rock-crusher.com\/wp-content\/uploads\/2025\/11\/0-stone-rock-crusher-tractor-3-980x771.webp 980w, https:\/\/pto-rock-crusher.com\/wp-content\/uploads\/2025\/11\/0-stone-rock-crusher-tractor-3-480x378.webp 480w\" sizes=\"auto, (min-width: 0px) and (max-width: 480px) 480px, (min-width: 481px) and (max-width: 980px) 980px, (min-width: 981px) 1000px, 100vw\" \/><\/p><\/blockquote>\n<hr \/>\n<h3>\ud83c\uddee\ud83c\uddf3\u00a0<strong>Hindistan \u2013 \u015eeker Kam\u0131\u015f\u0131 Toprak \u0130yile\u015ftirme<\/strong><\/h3>\n<p><strong>M\u00fc\u015fteri<\/strong>: Arun Desai<br \/>\n<strong>\u00dclke<\/strong>: \ud83c\uddee\ud83c\uddf3 Hindistan (Maharashtra Eyaleti)<br \/>\n<strong>\u00c7iftlik B\u00fcy\u00fckl\u00fc\u011f\u00fc<\/strong>: 280 d\u00f6n\u00fcm<\/p>\n<p><strong>Meydan okumak<\/strong>:<br \/>\nArun'un \u015feker kam\u0131\u015f\u0131 tarlalar\u0131, toprak s\u0131k\u0131\u015fmas\u0131na ve zay\u0131f k\u00f6k geli\u015fimine neden olan a\u015f\u0131nm\u0131\u015f bazalt par\u00e7alar\u0131yla (\"murum\") dolu Dekan Platosu'nda yer al\u0131yordu. \u00c7imlenme oranlar\u0131 ortalama sadece 65% olup, verimi b\u00f6lgesel potansiyelin \u00e7ok alt\u0131na \u00e7ekiyordu.<\/p>\n<p><strong>Bizi Nas\u0131l Buldular<\/strong>:<br \/>\nArun, \"\u015feker kam\u0131\u015f\u0131 tarlas\u0131 i\u00e7in trakt\u00f6r ta\u015f k\u0131r\u0131c\u0131\" ba\u015fl\u0131kl\u0131 bir YouTube videosunu izledikten sonra, yerinde de\u011ferlendirme yap\u0131lmas\u0131 i\u00e7in Pune'deki yetkili bayimizle ileti\u015fime ge\u00e7ti.<\/p>\n<p><strong>\u00c7\u00f6z\u00fcm\u00fcm\u00fcz<\/strong>:<br \/>\nBiz tedarik ettik <strong>STAB FRS-225<\/strong>Mahindra 775 DI trakt\u00f6r\u00fcyle (280 HP PTO) uyumlu olan bu sistem, y\u00fczeydeki ta\u015flar\u0131 par\u00e7alay\u0131p \u00fcst topra\u011fa kar\u0131\u015ft\u0131rmak i\u00e7in 30 cm derinlikte \u00e7al\u0131\u015fmaktad\u0131r.<\/p>\n<p><strong>Sonu\u00e7lar<\/strong>:<\/p>\n<ul>\n<li>Toprak gev\u015fedi ve nemi daha iyi tutmaya ba\u015flad\u0131.<\/li>\n<li>\u00c7imlenme oran\u0131 91%'ye y\u00fckseldi.<\/li>\n<li>\u0130lk sezon verimi d\u00f6n\u00fcm ba\u015f\u0131na 18 ton artt\u0131.<\/li>\n<\/ul>\n<p><strong>M\u00fc\u015fteri Yorumu<\/strong>:<\/p>\n<blockquote><p>\u201cEskiden her mevsim ekin art\u0131klar\u0131n\u0131 yakar ve ta\u015flarla u\u011fra\u015f\u0131rd\u0131k. \u015eimdi ise bu k\u0131rma makinesi sorunlar\u0131 topra\u011fa d\u00f6n\u00fc\u015ft\u00fcr\u00fcyor. Kom\u015fular\u0131m bu 'sihirli makineyi' nereden ald\u0131\u011f\u0131m\u0131 soruyorlar!\u201d<\/p><\/blockquote>\n<hr \/>\n<h3>\ud83c\uddfa\ud83c\uddf8\u00a0<strong>ABD \u2013 Organik \u00c7iftliklerin Yeniden Kazand\u0131r\u0131lmas\u0131<\/strong><\/h3>\n<p><strong>M\u00fc\u015fteri<\/strong>Emily Carter<br \/>\n<strong>\u00dclke<\/strong>: \ud83c\uddfa\ud83c\uddf8 Amerika Birle\u015fik Devletleri (Missouri)<br \/>\n<strong>\u00c7iftlik B\u00fcy\u00fckl\u00fc\u011f\u00fc<\/strong>: 400 d\u00f6n\u00fcm (eski kire\u00e7ta\u015f\u0131 oca\u011f\u0131)<\/p>\n<p><strong>Meydan okumak<\/strong>:<br \/>\nEmily, USDA sertifikal\u0131 organik soya fasulyesi \u00e7iftli\u011fine d\u00f6n\u00fc\u015ft\u00fcrmek i\u00e7in kullan\u0131mdan kald\u0131r\u0131lm\u0131\u015f bir ta\u015f oca\u011f\u0131 sat\u0131n ald\u0131. Ancak arazi moloz, beton par\u00e7alar\u0131 ve hatta demir \u00e7ubuklarla doluydu; bu da geleneksel toprak i\u015flemesini imkans\u0131z, at\u0131klar\u0131n arazi d\u0131\u015f\u0131na ta\u015f\u0131nmas\u0131n\u0131 ise a\u015f\u0131r\u0131 pahal\u0131 ve s\u00fcrd\u00fcr\u00fclemez hale getiriyordu.<\/p>\n<p><strong>Bizi Nas\u0131l Buldular<\/strong>:<br \/>\n\u201cOrganik arazi \u0131slah ekipmanlar\u0131\u201d ararken, bir tar\u0131m forumunda \u00fcr\u00fcn\u00fcm\u00fcz\u00fc ke\u015ffetti ve Orta Bat\u0131 distrib\u00fct\u00f6r\u00fcm\u00fczle canl\u0131 bir demo randevusu ald\u0131.<\/p>\n<p><strong>\u00c7\u00f6z\u00fcm\u00fcm\u00fcz<\/strong>:<br \/>\nA\u011f\u0131r hizmet tipi ekipman\u0131 devreye ald\u0131k. <strong>STAB HP-250<\/strong>Case IH Steiger 500 (500 HP) trakt\u00f6r\u00fcne monte edilmi\u015f olan bu sistem, t\u00fcm molozlar\u0131 yerinde par\u00e7alamak i\u00e7in tam 50 cm derinlikte \u00e7al\u0131\u015f\u0131yor; ta\u015f\u0131ma veya dolguya gerek yok.<\/p>\n<p><strong>Sonu\u00e7lar<\/strong>:<\/p>\n<ul>\n<li>Birinci y\u0131lda USDA Organik sertifikas\u0131n\u0131 kazand\u0131.<\/li>\n<li>Dekar ba\u015f\u0131na 52 kile soya fasulyesi verimi elde edildi; bu, b\u00f6lgesel ortalamalarla ayn\u0131 seviyede.<\/li>\n<li>S\u0131f\u0131r at\u0131k, s\u0131f\u0131r d\u0131\u015f girdi: tamamen yenilenebilir s\u00fcre\u00e7<\/li>\n<\/ul>\n<p><strong>M\u00fc\u015fteri Yorumu<\/strong>:<\/p>\n<blockquote><p>\u201c\u0130nsanlar bu topra\u011f\u0131n \u00f6l\u00fc oldu\u011funu s\u00f6yl\u00fcyordu. Ama sizin k\u0131rma makineniz ona yeniden hayat verdi \u2013 kamyonlara gerek kalmadan, at\u0131k \u00fcretmeden. Bu sadece bir alet de\u011fil; yenileyici \u00f6yk\u00fcm\u00fcz\u00fcn bir par\u00e7as\u0131.\u201d<\/p>\n<p>&nbsp;<\/p><\/blockquote>\n<hr \/>\n<blockquote><p>\u2139\ufe0f <strong>Gizlilik Bildirimi<\/strong>Yukar\u0131daki \u00f6rnekler, m\u00fc\u015fterinin a\u00e7\u0131k r\u0131zas\u0131yla yay\u0131nlanm\u0131\u015ft\u0131r. Ek projeler, gizlilik s\u00f6zle\u015fmeleri gere\u011fi gizli kalmaktad\u0131r. Veri koruma ve m\u00fc\u015fteri gizlili\u011fi standartlar\u0131na s\u0131k\u0131 s\u0131k\u0131ya ba\u011fl\u0131y\u0131z.<\/p><\/blockquote>\n<h2 style=\"text-align: left;\"><\/h2>\n<h2 class=\"product-section-title\" style=\"background: #000000; color: white; padding: 15px 20px; border-radius: 5px; margin: 20px 0;\">\u0130lgili Aksesuarlar<\/h2>\n<h3 data-spm-anchor-id=\"5176.28103460.0.i1353.bc984fa5rlZb1k\"><\/h3>\n<p>En iyi performans ve g\u00fcvenlik i\u00e7in y\u00fcksek kaliteli \u00fcr\u00fcnler de sunuyoruz. <strong>PTO \u015faftlar\u0131<\/strong> Ta\u015f k\u0131rma ve \u00f6\u011f\u00fctme makinelerimizin g\u00fc\u00e7 ve hizalama gereksinimlerine \u00f6zel olarak tasarlanm\u0131\u015ft\u0131r. PTO tahrik hatlar\u0131m\u0131z, sorunsuz g\u00fc\u00e7 aktar\u0131m\u0131 ve operat\u00f6r korumas\u0131 sa\u011flamak i\u00e7in a\u011f\u0131r hizmet tipi ba\u011flant\u0131 par\u00e7alar\u0131, kendili\u011finden hizalanan mafsallar ve tam g\u00fcvenlik koruyucular\u0131na sahiptir. Ayr\u0131nt\u0131l\u0131 \u00f6zellikler, \u00f6zelle\u015ftirme se\u00e7enekleri veya sipari\u015f vermek i\u00e7in l\u00fctfen g\u00fcvenilir orta\u011f\u0131m\u0131z\u0131 ziyaret edin. <strong><a target=\"_blank\">pto-\u015faft.com<\/a><\/strong>.<\/p>\n<p><img loading=\"lazy\" decoding=\"async\" class=\"size-medium wp-image-305 aligncenter\" src=\"https:\/\/pto-rock-crusher.com\/wp-content\/uploads\/2025\/11\/ep_pto-shaft-8-300x300.webp\" alt=\"PTO mili\" width=\"300\" height=\"300\" \/><\/p>\n<p>Edit\u00f6r: Miya<\/p>","protected":false},"excerpt":{"rendered":"<p>Trakt\u00f6r\u00fcn g\u00fc\u00e7 \u00e7\u0131k\u0131\u015f milinden (PTO) tahrik edilen, a\u011f\u0131r hizmet tipi, \u00e7ok fonksiyonlu bir kaya\/ta\u015f k\u0131r\u0131c\u0131 (trakt\u00f6re monte kaya\/a\u011fa\u00e7 k\u00f6k\u00fc k\u0131r\u0131c\u0131 olarak da bilinir), yerden ta\u015flar\u0131, a\u011fa\u00e7 k\u00f6klerini, sert topra\u011f\u0131 ve in\u015faat at\u0131klar\u0131n\u0131 verimli bir \u015fekilde uzakla\u015ft\u0131rmak i\u00e7in tasarlanm\u0131\u015ft\u0131r. K\u0131rma ve d\u00fczleme i\u015flemlerini tek ge\u00e7i\u015fte tamamlayarak, sonraki toprak i\u015fleme, yol yap\u0131m\u0131 veya ekolojik restorasyon i\u00e7in sa\u011flam bir temel olu\u015fturur.<\/p>","protected":false},"featured_media":300,"comment_status":"open","ping_status":"closed","template":"","meta":{"_et_pb_use_builder":"","_et_pb_old_content":"","_et_gb_content_width":""},"product_brand":[],"product_cat":[18],"product_tag":[],"class_list":{"0":"post-297","1":"product","2":"type-product","3":"status-publish","4":"has-post-thumbnail","6":"product_cat-soil-stabilizer","8":"first","9":"instock","10":"shipping-taxable","11":"product-type-simple"},"_links":{"self":[{"href":"https:\/\/pto-rock-crusher.com\/tr\/wp-json\/wp\/v2\/product\/297","targetHints":{"allow":["GET"]}}],"collection":[{"href":"https:\/\/pto-rock-crusher.com\/tr\/wp-json\/wp\/v2\/product"}],"about":[{"href":"https:\/\/pto-rock-crusher.com\/tr\/wp-json\/wp\/v2\/types\/product"}],"replies":[{"embeddable":true,"href":"https:\/\/pto-rock-crusher.com\/tr\/wp-json\/wp\/v2\/comments?post=297"}],"wp:featuredmedia":[{"embeddable":true,"href":"https:\/\/pto-rock-crusher.com\/tr\/wp-json\/wp\/v2\/media\/300"}],"wp:attachment":[{"href":"https:\/\/pto-rock-crusher.com\/tr\/wp-json\/wp\/v2\/media?parent=297"}],"wp:term":[{"taxonomy":"product_brand","embeddable":true,"href":"https:\/\/pto-rock-crusher.com\/tr\/wp-json\/wp\/v2\/product_brand?post=297"},{"taxonomy":"product_cat","embeddable":true,"href":"https:\/\/pto-rock-crusher.com\/tr\/wp-json\/wp\/v2\/product_cat?post=297"},{"taxonomy":"product_tag","embeddable":true,"href":"https:\/\/pto-rock-crusher.com\/tr\/wp-json\/wp\/v2\/product_tag?post=297"}],"curies":[{"name":"wp","href":"https:\/\/api.w.org\/{rel}","templated":true}]}}