{"id":145,"date":"2025-11-13T02:31:20","date_gmt":"2025-11-13T02:31:20","guid":{"rendered":"https:\/\/pto-rock-crusher.com\/?page_id=145"},"modified":"2025-11-13T03:26:35","modified_gmt":"2025-11-13T03:26:35","slug":"contact-us","status":"publish","type":"page","link":"https:\/\/pto-rock-crusher.com\/vi\/lien-he-voi-chung-toi\/","title":{"rendered":"Li\u00ean h\u1ec7 v\u1edbi ch\u00fang t\u00f4i"},"content":{"rendered":"<p>[et_pb_section fb_built=&#8221;1&#8243; admin_label=&#8221;section&#8221; _builder_version=&#8221;4.16&#8243; global_colors_info=&#8221;{}&#8221;][et_pb_row admin_label=&#8221;row&#8221; _builder_version=&#8221;4.20.4&#8243; background_size=&#8221;initial&#8221; background_position=&#8221;top_left&#8221; background_repeat=&#8221;repeat&#8221; global_colors_info=&#8221;{}&#8221;][et_pb_column type=&#8221;4_4&#8243; _builder_version=&#8221;4.16&#8243; custom_padding=&#8221;|||&#8221; global_colors_info=&#8221;{}&#8221; custom_padding__hover=&#8221;|||&#8221;][et_pb_text _builder_version=&#8221;4.20.4&#8243; _module_preset=&#8221;default&#8221; text_font=&#8221;Lato||||||||&#8221; text_font_size=&#8221;20px&#8221; text_line_height=&#8221;1.8em&#8221; header_font=&#8221;Teko|300||on|||||&#8221; header_text_color=&#8221;#6B6B6B&#8221; header_font_size=&#8221;3vw&#8221; header_letter_spacing=&#8221;0.05em&#8221; header_line_height=&#8221;0.9em&#8221; background_layout=&#8221;dark&#8221; custom_margin=&#8221;|-10vw|0px|&#8221; custom_margin_tablet=&#8221;|0vw||&#8221; custom_margin_phone=&#8221;|-5vw||&#8221; custom_margin_last_edited=&#8221;on|tablet&#8221; animation_style=&#8221;zoom&#8221; animation_delay=&#8221;100ms&#8221; animation_intensity_zoom=&#8221;10%&#8221; header_font_size_tablet=&#8221;3vw&#8221; header_font_size_phone=&#8221;5vw&#8221; header_font_size_last_edited=&#8221;on|phone&#8221; header_line_height_tablet=&#8221;0.9em&#8221; header_line_height_phone=&#8221;1.2em&#8221; header_line_height_last_edited=&#8221;on|phone&#8221; header_text_shadow_style=&#8221;preset1&#8243; header_text_shadow_vertical_length=&#8221;0.18em&#8221; header_text_shadow_blur_strength=&#8221;0.27em&#8221; header_text_shadow_color=&#8221;rgba(0,0,0,0.38)&#8221; global_colors_info=&#8221;{}&#8221;]<\/p>\n<h1 data-spm-anchor-id=\"5176.28103460.0.i91.bc984fa5rlZb1k\"><strong data-spm-anchor-id=\"5176.28103460.0.i96.bc984fa5rlZb1k\">C\u00f4ng ty TNHH M\u00e1y nghi\u1ec1n \u0111\u00e1 PTO Watanabe S\u01a1n \u0110\u00f4ng<\/strong><\/h1>\n<p>[\/et_pb_text][et_pb_text _builder_version=&#8221;4.20.4&#8243; _module_preset=&#8221;default&#8221; header_2_font=&#8221;ABeeZee||||||||&#8221; header_2_font_size=&#8221;23px&#8221; global_colors_info=&#8221;{}&#8221;]<\/p>\n<p><span><\/span><\/p>\n<h2><span>Nh\u00e0 s\u1ea3n xu\u1ea5t chuy\u00ean nghi\u1ec7p m\u00e1y nghi\u1ec1n \u0111\u00e1 n\u00f4ng nghi\u1ec7p v\u00e0 ch\u1ea5t \u1ed5n \u0111\u1ecbnh \u0111\u1ea5t x\u00e2y d\u1ef1ng \u0111\u01b0\u1eddng b\u1ed9<\/span><\/h2>\n<p><span><\/span><\/p>\n<p><span>T\u1ea1i <strong>C\u00f4ng ty TNHH M\u00e1y nghi\u1ec1n \u0111\u00e1 PTO Watanabe S\u01a1n \u0110\u00f4ng<\/strong>, ch\u00fang t\u00f4i chuy\u00ean s\u1ea3n xu\u1ea5t c\u00e1c s\u1ea3n ph\u1ea9m hi\u1ec7u su\u1ea5t cao <strong>M\u00e1y nghi\u1ec1n \u0111\u00e1<\/strong> cho vi\u1ec7c c\u1ea3i t\u1ea1o \u0111\u1ea5t n\u00f4ng nghi\u1ec7p v\u00e0 <strong>Ch\u1ea5t \u1ed5n \u0111\u1ecbnh \u0111\u1ea5t<\/strong> cho x\u00e2y d\u1ef1ng c\u01a1 s\u1edf h\u1ea1 t\u1ea7ng. Cho d\u00f9 b\u1ea1n \u0111ang t\u00ecm ki\u1ebfm th\u00f4ng tin s\u1ea3n ph\u1ea9m, h\u1ed7 tr\u1ee3 k\u1ef9 thu\u1eadt hay c\u01a1 h\u1ed9i h\u1ee3p t\u00e1c, \u0111\u1ed9i ng\u0169 c\u1ee7a ch\u00fang t\u00f4i lu\u00f4n s\u1eb5n s\u00e0ng h\u1ed7 tr\u1ee3 b\u1ea1n.<\/span><\/p>\n<p>[\/et_pb_text][\/et_pb_column][\/et_pb_row][et_pb_row column_structure=&#8221;1_2,1_2&#8243; _builder_version=&#8221;4.20.4&#8243; _module_preset=&#8221;default&#8221; global_colors_info=&#8221;{}&#8221;][et_pb_column type=&#8221;1_2&#8243; _builder_version=&#8221;4.20.4&#8243; _module_preset=&#8221;default&#8221; global_colors_info=&#8221;{}&#8221;][et_pb_code _builder_version=&#8221;4.20.4&#8243; _module_preset=&#8221;default&#8221; global_colors_info=&#8221;{}&#8221;]<iframe src=\"https:\/\/www.google.com\/maps\/embed?pb=!1m18!1m12!1m3!1d3236.6281333949187!2d118.63673971264423!3d35.784509972439345!2m3!1f0!2f0!3f0!3m2!1i1024!2i768!4f13.1!3m3!1m2!1s0x35c07f31cc5cbb4f%3A0xf05ff1b8b1cc5224!2s66%20Chang&#39;an%20Middle%20Rd%2C%20Yi%20Shui%20Xian%2C%20Lin%20Yi%20Shi%2C%20Shan%20Dong%20Sheng%2C%20China%2C%20276400!5e0!3m2!1sen!2sjp!4v1763002399191!5m2!1sen!2sjp\" width=\"600\" height=\"450\" style=\"border:0;\" allowfullscreen=\"\" loading=\"lazy\" referrerpolicy=\"no-referrer-when-downgrade\"><\/iframe>[\/et_pb_code][\/et_pb_column][et_pb_column type=&#8221;1_2&#8243; _builder_version=&#8221;4.20.4&#8243; _module_preset=&#8221;default&#8221; global_colors_info=&#8221;{}&#8221;][et_pb_blurb use_icon=&#8221;on&#8221; font_icon=&#8221;&#xf0e0;||fa||900&#8243; icon_color=&#8221;#000000&#8243; icon_placement=&#8221;left&#8221; image_icon_width=&#8221;25px&#8221; _builder_version=&#8221;4.20.4&#8243; _module_preset=&#8221;default&#8221; header_text_color=&#8221;#000000&#8243; body_text_color=&#8221;#FFFFFF&#8221; body_font_size=&#8221;22px&#8221; locked=&#8221;off&#8221; global_colors_info=&#8221;{}&#8221;]<\/p>\n<h4 class=\"et_pb_module_header\"><span>vi\u1ec7c b\u00e1n h\u00e0ng@<\/span>pto-rock-crusher.com<\/h4>\n<p>[\/et_pb_blurb][et_pb_blurb use_icon=&#8221;on&#8221; font_icon=&#8221;&#xe081;||divi||400&#8243; icon_color=&#8221;#000000&#8243; icon_placement=&#8221;left&#8221; image_icon_width=&#8221;25px&#8221; _builder_version=&#8221;4.20.4&#8243; _module_preset=&#8221;default&#8221; header_text_color=&#8221;#000000&#8243; body_text_color=&#8221;#FFFFFF&#8221; body_font_size=&#8221;22px&#8221; locked=&#8221;off&#8221; global_colors_info=&#8221;{}&#8221;]<\/p>\n<h4 class=\"et_pb_module_header\"><span>No.66 Changan Middle Road, Yishui, S\u01a1n \u0110\u00f4ng, Trung Qu\u1ed1c<\/span><\/h4>\n<p>[\/et_pb_blurb][et_pb_blurb use_icon=&#8221;on&#8221; font_icon=&#8221;&#xe090;||divi||400&#8243; icon_color=&#8221;#000000&#8243; icon_placement=&#8221;left&#8221; image_icon_width=&#8221;25px&#8221; _builder_version=&#8221;4.20.4&#8243; _module_preset=&#8221;default&#8221; header_text_color=&#8221;#000000&#8243; body_text_color=&#8221;#FFFFFF&#8221; body_font_size=&#8221;22px&#8221; locked=&#8221;off&#8221; global_colors_info=&#8221;{}&#8221;]<\/p>\n<h4 class=\"et_pb_module_header\"><span>\u00a00086-571-88220973 \/ 8822097<\/span><\/h4>\n<p>[\/et_pb_blurb][et_pb_blurb title=&#8221;Privacy Notice&#8221; use_icon=&#8221;on&#8221; font_icon=&#8221;&#xf071;||fa||900&#8243; icon_color=&#8221;#000000&#8243; icon_placement=&#8221;left&#8221; image_icon_width=&#8221;25px&#8221; _builder_version=&#8221;4.20.4&#8243; _module_preset=&#8221;default&#8221; header_text_color=&#8221;#000000&#8243; body_text_color=&#8221;#FFFFFF&#8221; body_font_size=&#8221;22px&#8221; locked=&#8221;off&#8221; global_colors_info=&#8221;{}&#8221;]<\/p>\n<h4 class=\"et_pb_module_header\"><\/h4>\n<h4 class=\"et_pb_module_header\">Ch\u00fang t\u00f4i t\u00f4n tr\u1ecdng quy\u1ec1n ri\u00eang t\u01b0 c\u1ee7a b\u1ea1n. Th\u00f4ng tin b\u1ea1n cung c\u1ea5p s\u1ebd ch\u1ec9 \u0111\u01b0\u1ee3c s\u1eed d\u1ee5ng \u0111\u1ec3 tr\u1ea3 l\u1eddi y\u00eau c\u1ea7u c\u1ee7a b\u1ea1n v\u00e0 s\u1ebd kh\u00f4ng \u0111\u01b0\u1ee3c chia s\u1ebb v\u1edbi b\u00ean th\u1ee9 ba.<\/h4>\n<p>[\/et_pb_blurb][et_pb_blurb title=&#8221;Have Project in Mind?&#8221; use_icon=&#8221;on&#8221; font_icon=&#8221;&#xf2b5;||fa||900&#8243; icon_color=&#8221;#000000&#8243; icon_placement=&#8221;left&#8221; image_icon_width=&#8221;25px&#8221; _builder_version=&#8221;4.20.4&#8243; _module_preset=&#8221;default&#8221; header_text_color=&#8221;#000000&#8243; body_text_color=&#8221;#FFFFFF&#8221; body_font_size=&#8221;22px&#8221; hover_enabled=&#8221;0&#8243; locked=&#8221;off&#8221; global_colors_info=&#8221;{}&#8221; sticky_enabled=&#8221;0&#8243;]<\/p>\n<h4 class=\"et_pb_module_header\"><span><\/span><\/h4>\n<h4 class=\"et_pb_module_header\"><span>Nh\u1eadn gi\u1ea3i ph\u00e1p t\u00f9y ch\u1ec9nh cho nhu c\u1ea7u x\u00e2y d\u1ef1ng n\u00f4ng nghi\u1ec7p ho\u1eb7c \u0111\u01b0\u1eddng b\u1ed9 c\u1ee7a b\u1ea1n.<\/span><\/h4>\n<p>[\/et_pb_blurb][et_pb_button button_text=&#8221;Contact Us Now&#8221; _builder_version=&#8221;4.20.4&#8243; _module_preset=&#8221;default&#8221; custom_button=&#8221;on&#8221; button_text_color=&#8221;#000000&#8243; button_icon=&#8221;&#xf0a5;||fa||400&#8243; button_url=&#8221;#contact&#8221; hover_enabled=&#8221;0&#8243; sticky_enabled=&#8221;0&#8243; button_alignment=&#8221;center&#8221;][\/et_pb_button][\/et_pb_column][\/et_pb_row][\/et_pb_section]<\/p>","protected":false},"excerpt":{"rendered":"<p>Shandong Watanabe PTO Rock Crusher Co., Ltd. Professional Manufacturer of Agricultural Rock Crushers &amp; Road Construction Soil Stabilizers At Shandong Watanabe PTO Rock Crusher Co., Ltd., we specialize in manufacturing high-performance Rock Crushers for agricultural land reclamation and Soil Stabilizers for infrastructure construction. Whether you\u2019re looking for product information, technical support, or partnership opportunities, our [&hellip;]<\/p>","protected":false},"author":1,"featured_media":0,"parent":0,"menu_order":0,"comment_status":"closed","ping_status":"closed","template":"","meta":{"_et_pb_use_builder":"on","_et_pb_old_content":"","_et_gb_content_width":"","footnotes":""},"class_list":["post-145","page","type-page","status-publish","hentry"],"_links":{"self":[{"href":"https:\/\/pto-rock-crusher.com\/vi\/wp-json\/wp\/v2\/pages\/145","targetHints":{"allow":["GET"]}}],"collection":[{"href":"https:\/\/pto-rock-crusher.com\/vi\/wp-json\/wp\/v2\/pages"}],"about":[{"href":"https:\/\/pto-rock-crusher.com\/vi\/wp-json\/wp\/v2\/types\/page"}],"author":[{"embeddable":true,"href":"https:\/\/pto-rock-crusher.com\/vi\/wp-json\/wp\/v2\/users\/1"}],"replies":[{"embeddable":true,"href":"https:\/\/pto-rock-crusher.com\/vi\/wp-json\/wp\/v2\/comments?post=145"}],"version-history":[{"count":6,"href":"https:\/\/pto-rock-crusher.com\/vi\/wp-json\/wp\/v2\/pages\/145\/revisions"}],"predecessor-version":[{"id":163,"href":"https:\/\/pto-rock-crusher.com\/vi\/wp-json\/wp\/v2\/pages\/145\/revisions\/163"}],"wp:attachment":[{"href":"https:\/\/pto-rock-crusher.com\/vi\/wp-json\/wp\/v2\/media?parent=145"}],"curies":[{"name":"wp","href":"https:\/\/api.w.org\/{rel}","templated":true}]}}